{"id":883,"date":"2024-05-29T16:56:14","date_gmt":"2024-05-29T22:56:14","guid":{"rendered":"https:\/\/transparenciasostenida.org\/?page_id=883"},"modified":"2024-06-20T18:05:21","modified_gmt":"2024-06-21T00:05:21","slug":"como-trabajamos","status":"publish","type":"page","link":"https:\/\/transparenciasostenida.org\/en\/como-trabajamos\/","title":{"rendered":"C\u00f3mo trabajamos"},"content":{"rendered":"<div class=\"wp-block-uagb-container uagb-block-99e2be8c alignfull uagb-is-root-container\"><div class=\"uagb-container-inner-blocks-wrap\">\n<div class=\"wp-block-columns is-layout-flex wp-container-core-columns-is-layout-2 wp-block-columns-is-layout-flex\">\n<div class=\"wp-block-column is-layout-flow wp-block-column-is-layout-flow\">\n<div class=\"wp-block-columns is-layout-flex wp-container-core-columns-is-layout-1 wp-block-columns-is-layout-flex\">\n<div class=\"wp-block-column is-layout-flow wp-block-column-is-layout-flow\" style=\"flex-basis:33.33%\">\n<div class=\"wp-block-uagb-image aligncenter uagb-block-74924800 wp-block-uagb-image--layout-default wp-block-uagb-image--effect-static wp-block-uagb-image--align-center\"><figure class=\"wp-block-uagb-image__figure\"><img decoding=\"async\" srcset=\"https:\/\/transparenciasostenida.org\/wp-content\/uploads\/2024\/05\/LOGO-CABECERA-JPG.jpg ,https:\/\/transparenciasostenida.org\/wp-content\/uploads\/2024\/05\/LOGO-CABECERA-JPG-300x165.jpg 780w, https:\/\/transparenciasostenida.org\/wp-content\/uploads\/2024\/05\/LOGO-CABECERA-JPG-300x165.jpg 360w\" sizes=\"(max-width: 480px) 150px\" src=\"https:\/\/transparenciasostenida.org\/wp-content\/uploads\/2024\/05\/LOGO-CABECERA-JPG.jpg\" alt=\"\" class=\"uag-image-810\" width=\"866\" height=\"484\" title=\"LOGO CABECERA JPG\" loading=\"lazy\" role=\"img\"\/><\/figure><\/div>\n<\/div>\n\n\n\n<div class=\"wp-block-column is-vertically-aligned-center is-layout-flow wp-block-column-is-layout-flow\" style=\"flex-basis:66.66%\">\n<div class=\"wp-block-uagb-advanced-heading uagb-block-180777a4\"><h2 class=\"uagb-heading-text\">\u00bfC\u00f3mo trabajamos?<\/h2><\/div>\n<\/div>\n<\/div>\n<\/div>\n<\/div>\n<\/div><\/div>\n\n\n\n<div class=\"wp-block-uagb-container uagb-block-5ae3842f alignfull uagb-is-root-container\"><div class=\"uagb-container-inner-blocks-wrap\">\n<div class=\"wp-block-uagb-advanced-heading uagb-block-e88f4eef\"><h2 class=\"uagb-heading-text\">Paso 1:\u200b Investigadores.<\/h2><\/div>\n\n\n\n<div class=\"wp-block-uagb-info-box uagb-block-53c240de uagb-infobox__content-wrap  uagb-infobox-icon-above-title uagb-infobox-image-valign-top wp-block-uagb-info-box--has-margin\"><div class=\"uagb-infobox-margin-wrapper\"><div class=\"uagb-ifb-content\"><div class=\"uagb-ifb-title-wrap\"><\/div><p class=\"uagb-ifb-desc\">En Transparencia Sostenida, A.C., contratamos a investigadores independientes que se dedican a reunir y a proporcionarnos todo tipo de informaci\u00f3n relativa a los fines de la Asociaci\u00f3n.<\/p><\/div><\/div><\/div>\n<\/div><\/div>\n\n\n\n<div class=\"wp-block-uagb-container uagb-block-738ae956 alignfull uagb-is-root-container\"><div class=\"uagb-container-inner-blocks-wrap\">\n<div class=\"wp-block-uagb-advanced-heading uagb-block-a1878553\"><h2 class=\"uagb-heading-text\">Paso 2: <strong>Selecci\u00f3n y clasificaci\u00f3n de la informaci\u00f3n.<\/strong><\/h2><\/div>\n\n\n\n<div class=\"wp-block-uagb-info-box uagb-block-85a9d1f7 uagb-infobox__content-wrap  uagb-infobox-icon-above-title uagb-infobox-image-valign-top wp-block-uagb-info-box--has-margin\"><div class=\"uagb-infobox-margin-wrapper\"><div class=\"uagb-ifb-content\"><div class=\"uagb-ifb-title-wrap\"><\/div><p class=\"uagb-ifb-desc\">La documentaci\u00f3n entregada por los investigadores es seleccionada teniendo en cuenta que cumpla con los objetivos de Transparencia Sostenida, A.C. Posteriormente, es clasificada y archivada en un sistema de ficheros con sus respectivas fichas, seg\u00fan los temas a desarrollar para las publicaciones que se est\u00e1n desarrollando y las que se desarrollar\u00e1n.<\/p><\/div><\/div><\/div>\n<\/div><\/div>\n\n\n\n<div class=\"wp-block-uagb-container uagb-block-f6022424 alignfull uagb-is-root-container\"><div class=\"uagb-container-inner-blocks-wrap\">\n<div class=\"wp-block-uagb-advanced-heading uagb-block-fe43acdf\"><h2 class=\"uagb-heading-text\"><strong>Paso 3: Edici\u00f3n.<\/strong><\/h2><\/div>\n\n\n\n<div class=\"wp-block-uagb-info-box uagb-block-aecf0329 uagb-infobox__content-wrap  uagb-infobox-icon-above-title uagb-infobox-image-valign-top wp-block-uagb-info-box--has-margin\"><div class=\"uagb-infobox-margin-wrapper\"><div class=\"uagb-ifb-content\"><div class=\"uagb-ifb-title-wrap\"><\/div><p class=\"uagb-ifb-desc\">Puesto que las publicaciones son en formato electr\u00f3nico, el proceso de edici\u00f3n es el siguiente: <strong>Digitalizaci\u00f3n, Correcci\u00f3n de estilo, Lectura ortotipogr\u00e1fica, Maquetaci\u00f3n, Dise\u00f1o de la portada y Revisi\u00f3n.<\/strong><\/p><\/div><\/div><\/div>\n<\/div><\/div>\n\n\n\n<div class=\"wp-block-uagb-container uagb-block-169f937d alignfull uagb-is-root-container\"><div class=\"uagb-container-inner-blocks-wrap\">\n<div class=\"wp-block-uagb-advanced-heading uagb-block-382d7a1d\"><h2 class=\"uagb-heading-text\"><strong>Paso 4: Elaboraci\u00f3n de formato ePub.<\/strong><\/h2><\/div>\n\n\n\n<div class=\"wp-block-uagb-info-box uagb-block-8fe78987 uagb-infobox__content-wrap  uagb-infobox-icon-above-title uagb-infobox-image-valign-top wp-block-uagb-info-box--has-margin\"><div class=\"uagb-infobox-margin-wrapper\"><div class=\"uagb-ifb-content\"><div class=\"uagb-ifb-title-wrap\"><\/div><p class=\"uagb-ifb-desc\">Mediante la utilizaci\u00f3n de softwares como: Word, PowerPoint, Adobe Acrobat, Adobe Illustration, WavePad, Publisher y Calibre, se elaboran los metadatos de la obra y se generan los archivos en formato PDF y EBOOK, para su publicaci\u00f3n y difusi\u00f3n.<\/p><\/div><\/div><\/div>\n<\/div><\/div>\n\n\n\n<div class=\"wp-block-uagb-container uagb-block-163561c8 alignfull uagb-is-root-container\"><div class=\"uagb-container-inner-blocks-wrap\">\n<div class=\"wp-block-uagb-advanced-heading uagb-block-36340d05\"><h2 class=\"uagb-heading-text\"><strong>Paso 5: Publicaci\u00f3n y difusi\u00f3n.<\/strong><\/h2><\/div>\n\n\n\n<div class=\"wp-block-uagb-info-box uagb-block-a1d99732 uagb-infobox__content-wrap  uagb-infobox-icon-above-title uagb-infobox-image-valign-top wp-block-uagb-info-box--has-margin\"><div class=\"uagb-infobox-margin-wrapper\"><div class=\"uagb-ifb-content\"><div class=\"uagb-ifb-title-wrap\"><\/div><p class=\"uagb-ifb-desc\">Las obras literarias que se realizan son publicadas y difundidas a trav\u00e9s de nuestro sitio web: www.transparenciasostenida.org para que sean descargadas gratuitamente y traducidas en todos los idiomas, y puedan ser le\u00eddas en PC, Tablet o Smart Phone.<\/p><\/div><\/div><\/div>\n<\/div><\/div>","protected":false},"excerpt":{"rendered":"<p>\u00bfC\u00f3mo trabajamos? Paso 1:\u200b Investigadores. Paso 2: Selecci\u00f3n y clasificaci\u00f3n de la informaci\u00f3n. Paso 3: Edici\u00f3n. Paso 4: Elaboraci\u00f3n de formato ePub. Paso 5: Publicaci\u00f3n y difusi\u00f3n.<\/p>","protected":false},"author":1,"featured_media":0,"parent":0,"menu_order":0,"comment_status":"closed","ping_status":"closed","template":"","meta":{"_uag_custom_page_level_css":"","site-sidebar-layout":"no-sidebar","site-content-layout":"plain-container","ast-site-content-layout":"normal-width-container","site-content-style":"unboxed","site-sidebar-style":"unboxed","ast-global-header-display":"","ast-banner-title-visibility":"","ast-main-header-display":"","ast-hfb-above-header-display":"","ast-hfb-below-header-display":"","ast-hfb-mobile-header-display":"","site-post-title":"disabled","ast-breadcrumbs-content":"","ast-featured-img":"","footer-sml-layout":"","theme-transparent-header-meta":"enabled","adv-header-id-meta":"","stick-header-meta":"","header-above-stick-meta":"","header-main-stick-meta":"","header-below-stick-meta":"","astra-migrate-meta-layouts":"set","ast-page-background-enabled":"default","ast-page-background-meta":{"desktop":{"background-color":"var(--ast-global-color-4)","background-image":"","background-repeat":"repeat","background-position":"center center","background-size":"auto","background-attachment":"scroll","background-type":"","background-media":"","overlay-type":"","overlay-color":"","overlay-opacity":"","overlay-gradient":""},"tablet":{"background-color":"","background-image":"","background-repeat":"repeat","background-position":"center center","background-size":"auto","background-attachment":"scroll","background-type":"","background-media":"","overlay-type":"","overlay-color":"","overlay-opacity":"","overlay-gradient":""},"mobile":{"background-color":"","background-image":"","background-repeat":"repeat","background-position":"center center","background-size":"auto","background-attachment":"scroll","background-type":"","background-media":"","overlay-type":"","overlay-color":"","overlay-opacity":"","overlay-gradient":""}},"ast-content-background-meta":{"desktop":{"background-color":"var(--ast-global-color-5)","background-image":"","background-repeat":"repeat","background-position":"center center","background-size":"auto","background-attachment":"scroll","background-type":"","background-media":"","overlay-type":"","overlay-color":"","overlay-opacity":"","overlay-gradient":""},"tablet":{"background-color":"var(--ast-global-color-5)","background-image":"","background-repeat":"repeat","background-position":"center center","background-size":"auto","background-attachment":"scroll","background-type":"","background-media":"","overlay-type":"","overlay-color":"","overlay-opacity":"","overlay-gradient":""},"mobile":{"background-color":"var(--ast-global-color-5)","background-image":"","background-repeat":"repeat","background-position":"center center","background-size":"auto","background-attachment":"scroll","background-type":"","background-media":"","overlay-type":"","overlay-color":"","overlay-opacity":"","overlay-gradient":""}},"footnotes":""},"uagb_featured_image_src":{"full":false,"thumbnail":false,"medium":false,"medium_large":false,"large":false,"1536x1536":false,"2048x2048":false,"trp-custom-language-flag":false},"uagb_author_info":{"display_name":"transparenciasostenida.org","author_link":"https:\/\/transparenciasostenida.org\/en\/author\/navajowhite-jellyfish-329786-hostingersite-com\/"},"uagb_comment_info":0,"uagb_excerpt":"\u00bfC\u00f3mo trabajamos? Paso 1:\u200b Investigadores. Paso 2: Selecci\u00f3n y clasificaci\u00f3n de la informaci\u00f3n. Paso 3: Edici\u00f3n. Paso 4: Elaboraci\u00f3n de formato ePub. Paso 5: Publicaci\u00f3n y difusi\u00f3n.","_links":{"self":[{"href":"https:\/\/transparenciasostenida.org\/en\/wp-json\/wp\/v2\/pages\/883"}],"collection":[{"href":"https:\/\/transparenciasostenida.org\/en\/wp-json\/wp\/v2\/pages"}],"about":[{"href":"https:\/\/transparenciasostenida.org\/en\/wp-json\/wp\/v2\/types\/page"}],"author":[{"embeddable":true,"href":"https:\/\/transparenciasostenida.org\/en\/wp-json\/wp\/v2\/users\/1"}],"replies":[{"embeddable":true,"href":"https:\/\/transparenciasostenida.org\/en\/wp-json\/wp\/v2\/comments?post=883"}],"version-history":[{"count":14,"href":"https:\/\/transparenciasostenida.org\/en\/wp-json\/wp\/v2\/pages\/883\/revisions"}],"predecessor-version":[{"id":1266,"href":"https:\/\/transparenciasostenida.org\/en\/wp-json\/wp\/v2\/pages\/883\/revisions\/1266"}],"wp:attachment":[{"href":"https:\/\/transparenciasostenida.org\/en\/wp-json\/wp\/v2\/media?parent=883"}],"curies":[{"name":"wp","href":"https:\/\/api.w.org\/{rel}","templated":true}]}}