{"id":879,"date":"2024-05-29T16:54:24","date_gmt":"2024-05-29T22:54:24","guid":{"rendered":"https:\/\/transparenciasostenida.org\/?page_id=879"},"modified":"2024-06-20T18:03:15","modified_gmt":"2024-06-21T00:03:15","slug":"codigo-de-etica","status":"publish","type":"page","link":"https:\/\/transparenciasostenida.org\/en\/codigo-de-etica\/","title":{"rendered":"C\u00f3digo de \u00e9tica"},"content":{"rendered":"<div class=\"wp-block-uagb-container uagb-block-99e2be8c alignfull uagb-is-root-container\"><div class=\"uagb-container-inner-blocks-wrap\">\n<div class=\"wp-block-columns is-layout-flex wp-container-core-columns-is-layout-2 wp-block-columns-is-layout-flex\">\n<div class=\"wp-block-column is-layout-flow wp-block-column-is-layout-flow\">\n<div class=\"wp-block-columns is-layout-flex wp-container-core-columns-is-layout-1 wp-block-columns-is-layout-flex\">\n<div class=\"wp-block-column is-layout-flow wp-block-column-is-layout-flow\" style=\"flex-basis:33.33%\">\n<div class=\"wp-block-uagb-image aligncenter uagb-block-74924800 wp-block-uagb-image--layout-default wp-block-uagb-image--effect-static wp-block-uagb-image--align-center\"><figure class=\"wp-block-uagb-image__figure\"><img decoding=\"async\" srcset=\"https:\/\/transparenciasostenida.org\/wp-content\/uploads\/2024\/05\/LOGO-CABECERA-JPG.jpg ,https:\/\/transparenciasostenida.org\/wp-content\/uploads\/2024\/05\/LOGO-CABECERA-JPG-300x165.jpg 780w, https:\/\/transparenciasostenida.org\/wp-content\/uploads\/2024\/05\/LOGO-CABECERA-JPG-300x165.jpg 360w\" sizes=\"(max-width: 480px) 150px\" src=\"https:\/\/transparenciasostenida.org\/wp-content\/uploads\/2024\/05\/LOGO-CABECERA-JPG.jpg\" alt=\"\" class=\"uag-image-810\" width=\"866\" height=\"484\" title=\"LOGO CABECERA JPG\" loading=\"lazy\" role=\"img\"\/><\/figure><\/div>\n<\/div>\n\n\n\n<div class=\"wp-block-column is-vertically-aligned-center is-layout-flow wp-block-column-is-layout-flow\" style=\"flex-basis:66.66%\">\n<div class=\"wp-block-uagb-advanced-heading uagb-block-180777a4\"><h2 class=\"uagb-heading-text\">C\u00f3digo de \u00c9tica<\/h2><\/div>\n<\/div>\n<\/div>\n<\/div>\n<\/div>\n<\/div><\/div>\n\n\n\n<div class=\"wp-block-uagb-container uagb-block-769b6847 alignfull uagb-is-root-container\"><div class=\"uagb-container-inner-blocks-wrap\">\n<div class=\"wp-block-uagb-advanced-heading uagb-block-49143d4d\"><h2 class=\"uagb-heading-text\"><strong>C\u00d3DIGO DE PRINCIPIOS \u00c9TICOS DE TRANSPARENCIA SOSTENIDA, A.C.<\/strong>\u200b<\/h2><\/div>\n\n\n\n<div class=\"wp-block-uagb-container uagb-block-132ede22\">\n<div class=\"wp-block-uagb-info-box uagb-block-853db220 uagb-infobox__content-wrap  uagb-infobox-icon-above-title uagb-infobox-image-valign-top\"><div class=\"uagb-ifb-content\"><div class=\"uagb-ifb-title-wrap\"><\/div><p class=\"uagb-ifb-desc\">Nuestro C\u00f3digo de \u00c9tica proporciona un marco normativo firme y muestra la necesidad y diversidad de las condiciones y aspiraciones que reclama la sociedad.<br>Es un instructivo activo. Su alcance, valor y significado permanece en las actividades art\u00edsticas, culturales, educativas, c\u00edvicas, de transparencia, y de prevenci\u00f3n y combate de la corrupci\u00f3n, que favorezcan el florecimiento de una mejor Sociedad.<br>Destacan los siguientes principios y valores generales: transparencia, \u00e9tica, integridad, solidaridad, justicia, prevenci\u00f3n y combate de la corrupci\u00f3n, con responsabilidad y valent\u00eda.<br>En Transparencia Sostenida, A.C. hacemos \u00e9nfasis en el comportamiento \u00e9tico fomenta el desarrollo y crecimiento de nuestros asociados, adem\u00e1s de contribuir a la filantrop\u00eda y a la actividad voluntaria. Nuestros asociados reconocen su responsabilidad en la generaci\u00f3n \u00e9tica y en el apoyo filantr\u00f3pico. La violaci\u00f3n del presente C\u00f3digo exponen a nuestros miembros a sanciones disciplinarias, por lo que est\u00e1n de acuerdo en actuar de conformidad con las siguientes normas:<br>1. No participar en actividades que da\u00f1en a Transparencia Sostenida, A.C., sus beneficiarios, sus donantes, sus prospectos, sus asociados, sus voluntarios o a la sociedad.<br>2. No participar en actividades que entren en conflicto con las obligaciones fiduciarias, \u00e9ticas y legales de Transparencia Sostenida, A.C., de sus beneficiarios, de sus donantes, de sus asociados o de la sociedad.<br>3. No aprovechar relaciones con donantes, prospectos, voluntarios o beneficiarios en beneficio propio.<br>4. Cumplir con todas las leyes civiles y penales locales, estatales y federales.<br>5. Reconocer sus l\u00edmites individuales de competencia profesional.<br>6. Presentar y suministrar productos y\/o servicios en forma honesta y sin tergiversaci\u00f3n.<br>7. Establecer la naturaleza y fin de toda relaci\u00f3n contractual desde el principio, y estar abiertos y a disposici\u00f3n de las partes antes, durante y despu\u00e9s de cualquier servicio proporcionado.<br>8. Nunca, a sabiendas, violar los derechos de propiedad intelectual de terceros.<br>9. Proteger la confidencialidad de toda informaci\u00f3n privilegiada relacionada con donantes, prospectos, beneficiarios, asociados y voluntarios.<br>10. Nunca injuriar a nadie con informaci\u00f3n falsa.<br>11. Asegurarse de que toda solicitud y materiales de comunicaci\u00f3n sean precisos y que reflejen adecuadamente la misi\u00f3n de Transparencia Sostenida, A.C. y el uso de los fondos solicitados.<br>12. Asegurarse de que los donantes reciban asesor\u00eda informada, precisa y \u00e9tica sobre el valor y las implicaciones fiscales de las contribuciones.<br>13. Asegurase de que los donativos se usen de conformidad con el objeto social de la asociaci\u00f3n.<br>14. Asegurarse de la adecuada administraci\u00f3n de todas las fuentes de ingreso, incluyendo reportes oportunos sobre el uso y administraci\u00f3n de dichos fondos.<br>15. Obtener consentimiento expl\u00edcito de los donantes antes de alterar las condiciones de las transacciones financieras.&nbsp;<br>16. No revelar informaci\u00f3n privilegiada a terceros no autorizados.<br>17. Ce\u00f1irse al principio de que la informaci\u00f3n de todo donante o prospecto creada por o a nombre de una organizaci\u00f3n o un cliente es propiedad exclusiva de dicha empresa o cliente.<br>18. Dar a los donantes, prospectos, beneficiarios, asociados y voluntarios la oportunidad de que su nombre se elimine de las listas de contacto de la asociaci\u00f3n.<br>19. Al reportar los resultados de ingresos y egreso, usar\u00e1n m\u00e9todos contables precisos y consistentes en cumplimiento de las directrices correspondientes adoptadas por la autoridad adecuada.<br>20. No aceptar compensaci\u00f3n alguna o celebrar contrato alguno con base en un porcentaje de las contribuciones; los miembros no aceptar\u00e1n pagos por intermediaci\u00f3n u honorarios contingentes.<br>21. No aceptar compensaci\u00f3n con base en desempe\u00f1o, como bonos, excepto si dichos bonos son de conformidad con pr\u00e1cticas internas existentes de la asociaci\u00f3n y no con base en porcentaje de contribuciones.<br>22. No ofrecer o aceptar pagos o contraprestaciones especiales por influir en la selecci\u00f3n de productos o servicios.<br>23. No pagar honorarios, comisiones o contraprestaci\u00f3n por porcentaje, con base en contribuciones.<\/p><\/div><\/div>\n<\/div>\n<\/div><\/div>","protected":false},"excerpt":{"rendered":"<p>C\u00f3digo de \u00c9tica C\u00d3DIGO DE PRINCIPIOS \u00c9TICOS DE TRANSPARENCIA SOSTENIDA, A.C.\u200b<\/p>","protected":false},"author":1,"featured_media":0,"parent":0,"menu_order":0,"comment_status":"closed","ping_status":"closed","template":"","meta":{"_uag_custom_page_level_css":"","site-sidebar-layout":"no-sidebar","site-content-layout":"plain-container","ast-site-content-layout":"normal-width-container","site-content-style":"unboxed","site-sidebar-style":"unboxed","ast-global-header-display":"","ast-banner-title-visibility":"","ast-main-header-display":"","ast-hfb-above-header-display":"","ast-hfb-below-header-display":"","ast-hfb-mobile-header-display":"","site-post-title":"disabled","ast-breadcrumbs-content":"","ast-featured-img":"","footer-sml-layout":"","theme-transparent-header-meta":"enabled","adv-header-id-meta":"","stick-header-meta":"","header-above-stick-meta":"","header-main-stick-meta":"","header-below-stick-meta":"","astra-migrate-meta-layouts":"set","ast-page-background-enabled":"default","ast-page-background-meta":{"desktop":{"background-color":"var(--ast-global-color-4)","background-image":"","background-repeat":"repeat","background-position":"center center","background-size":"auto","background-attachment":"scroll","background-type":"","background-media":"","overlay-type":"","overlay-color":"","overlay-opacity":"","overlay-gradient":""},"tablet":{"background-color":"","background-image":"","background-repeat":"repeat","background-position":"center center","background-size":"auto","background-attachment":"scroll","background-type":"","background-media":"","overlay-type":"","overlay-color":"","overlay-opacity":"","overlay-gradient":""},"mobile":{"background-color":"","background-image":"","background-repeat":"repeat","background-position":"center center","background-size":"auto","background-attachment":"scroll","background-type":"","background-media":"","overlay-type":"","overlay-color":"","overlay-opacity":"","overlay-gradient":""}},"ast-content-background-meta":{"desktop":{"background-color":"var(--ast-global-color-5)","background-image":"","background-repeat":"repeat","background-position":"center center","background-size":"auto","background-attachment":"scroll","background-type":"","background-media":"","overlay-type":"","overlay-color":"","overlay-opacity":"","overlay-gradient":""},"tablet":{"background-color":"var(--ast-global-color-5)","background-image":"","background-repeat":"repeat","background-position":"center center","background-size":"auto","background-attachment":"scroll","background-type":"","background-media":"","overlay-type":"","overlay-color":"","overlay-opacity":"","overlay-gradient":""},"mobile":{"background-color":"var(--ast-global-color-5)","background-image":"","background-repeat":"repeat","background-position":"center center","background-size":"auto","background-attachment":"scroll","background-type":"","background-media":"","overlay-type":"","overlay-color":"","overlay-opacity":"","overlay-gradient":""}},"footnotes":""},"uagb_featured_image_src":{"full":false,"thumbnail":false,"medium":false,"medium_large":false,"large":false,"1536x1536":false,"2048x2048":false,"trp-custom-language-flag":false},"uagb_author_info":{"display_name":"transparenciasostenida.org","author_link":"https:\/\/transparenciasostenida.org\/en\/author\/navajowhite-jellyfish-329786-hostingersite-com\/"},"uagb_comment_info":0,"uagb_excerpt":"C\u00f3digo de \u00c9tica C\u00d3DIGO DE PRINCIPIOS \u00c9TICOS DE TRANSPARENCIA SOSTENIDA, A.C.\u200b","_links":{"self":[{"href":"https:\/\/transparenciasostenida.org\/en\/wp-json\/wp\/v2\/pages\/879"}],"collection":[{"href":"https:\/\/transparenciasostenida.org\/en\/wp-json\/wp\/v2\/pages"}],"about":[{"href":"https:\/\/transparenciasostenida.org\/en\/wp-json\/wp\/v2\/types\/page"}],"author":[{"embeddable":true,"href":"https:\/\/transparenciasostenida.org\/en\/wp-json\/wp\/v2\/users\/1"}],"replies":[{"embeddable":true,"href":"https:\/\/transparenciasostenida.org\/en\/wp-json\/wp\/v2\/comments?post=879"}],"version-history":[{"count":11,"href":"https:\/\/transparenciasostenida.org\/en\/wp-json\/wp\/v2\/pages\/879\/revisions"}],"predecessor-version":[{"id":1264,"href":"https:\/\/transparenciasostenida.org\/en\/wp-json\/wp\/v2\/pages\/879\/revisions\/1264"}],"wp:attachment":[{"href":"https:\/\/transparenciasostenida.org\/en\/wp-json\/wp\/v2\/media?parent=879"}],"curies":[{"name":"wp","href":"https:\/\/api.w.org\/{rel}","templated":true}]}}