{"id":875,"date":"2024-05-29T16:52:28","date_gmt":"2024-05-29T22:52:28","guid":{"rendered":"https:\/\/transparenciasostenida.org\/?page_id=875"},"modified":"2024-07-04T17:06:50","modified_gmt":"2024-07-04T23:06:50","slug":"consejo-directivo","status":"publish","type":"page","link":"https:\/\/transparenciasostenida.org\/en\/consejo-directivo\/","title":{"rendered":"Consejo Directivo"},"content":{"rendered":"<div class=\"wp-block-uagb-container uagb-block-99e2be8c alignfull uagb-is-root-container\"><div class=\"uagb-container-inner-blocks-wrap\">\n<div class=\"wp-block-columns is-layout-flex wp-container-core-columns-is-layout-2 wp-block-columns-is-layout-flex\">\n<div class=\"wp-block-column is-layout-flow wp-block-column-is-layout-flow\">\n<div class=\"wp-block-columns is-layout-flex wp-container-core-columns-is-layout-1 wp-block-columns-is-layout-flex\">\n<div class=\"wp-block-column is-layout-flow wp-block-column-is-layout-flow\" style=\"flex-basis:33.33%\">\n<div class=\"wp-block-uagb-image aligncenter uagb-block-74924800 wp-block-uagb-image--layout-default wp-block-uagb-image--effect-static wp-block-uagb-image--align-center\"><figure class=\"wp-block-uagb-image__figure\"><img decoding=\"async\" srcset=\"https:\/\/transparenciasostenida.org\/wp-content\/uploads\/2024\/05\/LOGO-CABECERA-JPG.jpg ,https:\/\/transparenciasostenida.org\/wp-content\/uploads\/2024\/05\/LOGO-CABECERA-JPG-300x165.jpg 780w, https:\/\/transparenciasostenida.org\/wp-content\/uploads\/2024\/05\/LOGO-CABECERA-JPG-300x165.jpg 360w\" sizes=\"(max-width: 480px) 150px\" src=\"https:\/\/transparenciasostenida.org\/wp-content\/uploads\/2024\/05\/LOGO-CABECERA-JPG.jpg\" alt=\"\" class=\"uag-image-810\" width=\"866\" height=\"484\" title=\"LOGO CABECERA JPG\" loading=\"lazy\" role=\"img\"\/><\/figure><\/div>\n<\/div>\n\n\n\n<div class=\"wp-block-column is-vertically-aligned-center is-layout-flow wp-block-column-is-layout-flow\" style=\"flex-basis:66.66%\">\n<div class=\"wp-block-uagb-advanced-heading uagb-block-180777a4\"><h2 class=\"uagb-heading-text\">Consejo Directivo<\/h2><\/div>\n<\/div>\n<\/div>\n<\/div>\n<\/div>\n<\/div><\/div>\n\n\n\n<div class=\"wp-block-uagb-container uagb-block-c96f56f6 alignfull uagb-is-root-container\"><div class=\"uagb-container-inner-blocks-wrap\">\n<div class=\"wp-block-uagb-info-box uagb-block-cb0f7bd3 uagb-infobox__content-wrap  uagb-infobox-icon-above-title uagb-infobox-image-valign-top\"><div class=\"uagb-ifb-content\"><div class=\"uagb-ifb-title-wrap\"><\/div><p class=\"uagb-ifb-desc\">El Consejo Directivo tiene a su cargo lograr el mejor desempe\u00f1o de la Asociaci\u00f3n, efectuando todo acto l\u00edcito relacionado con su objeto social y autorizado por sus estatutos. Adem\u00e1s, tiene la atribuci\u00f3n de representarla ante toda clase de personas f\u00edsicas, morales, nacionales e internacionales.<br><br>Est\u00e1 integrado por:<\/p><\/div><\/div>\n<\/div><\/div>\n\n\n\n<div class=\"wp-block-uagb-container uagb-block-a53c223a alignfull uagb-is-root-container\"><div class=\"uagb-container-inner-blocks-wrap\">\n<div class=\"wp-block-uagb-container uagb-block-351e67eb\">\n<div class=\"wp-block-uagb-info-box uagb-block-3036aaab uagb-infobox__content-wrap  uagb-infobox-icon-above-title uagb-infobox-image-valign-top\"><div class=\"uagb-ifb-content\"><div class=\"uagb-ifb-title-wrap\"><h3 class=\"uagb-ifb-title\">Dr. Luis Felipe Mart\u00ed Iturbide<\/h3><\/div><p class=\"uagb-ifb-desc\">Presidente<\/p><\/div><\/div>\n<\/div>\n\n\n\n<div class=\"wp-block-uagb-container uagb-block-bddf827a\">\n<div class=\"wp-block-uagb-info-box uagb-block-3ebca5d2 uagb-infobox__content-wrap  uagb-infobox-icon-above-title uagb-infobox-image-valign-top\"><div class=\"uagb-ifb-content\"><div class=\"uagb-ifb-title-wrap\"><h3 class=\"uagb-ifb-title\">C. Martina Areli Carrillo Guti\u00e9rrez<\/h3><\/div><p class=\"uagb-ifb-desc\">Secretaria<\/p><\/div><\/div>\n<\/div>\n<\/div><\/div>\n\n\n\n<div class=\"wp-block-uagb-container uagb-block-7ef4d26d alignfull uagb-is-root-container\"><div class=\"uagb-container-inner-blocks-wrap\">\n<div class=\"wp-block-uagb-container uagb-block-a861fadb\">\n<div class=\"wp-block-uagb-info-box uagb-block-53284694 uagb-infobox__content-wrap  uagb-infobox-icon-above-title uagb-infobox-image-valign-top\"><div class=\"uagb-ifb-content\"><div class=\"uagb-ifb-title-wrap\"><h3 class=\"uagb-ifb-title\">Ing. Jos\u00e9 Mar\u00eda Carre\u00f3n Carrillo<\/h3><\/div><p class=\"uagb-ifb-desc\">Tesorero<\/p><\/div><\/div>\n<\/div>\n\n\n\n<div class=\"wp-block-uagb-container uagb-block-3708b616\">\n<div class=\"wp-block-uagb-info-box uagb-block-e381328b uagb-infobox__content-wrap  uagb-infobox-icon-above-title uagb-infobox-image-valign-top\"><div class=\"uagb-ifb-content\"><div class=\"uagb-ifb-title-wrap\"><h3 class=\"uagb-ifb-title\">Lic. Jos\u00e9 Francisco Huidobro Parrilla<\/h3><\/div><p class=\"uagb-ifb-desc\">Vocal<\/p><\/div><\/div>\n<\/div>\n<\/div><\/div>","protected":false},"excerpt":{"rendered":"<p>Consejo Directivo<\/p>","protected":false},"author":1,"featured_media":0,"parent":0,"menu_order":0,"comment_status":"closed","ping_status":"closed","template":"","meta":{"_uag_custom_page_level_css":"","site-sidebar-layout":"no-sidebar","site-content-layout":"plain-container","ast-site-content-layout":"normal-width-container","site-content-style":"unboxed","site-sidebar-style":"unboxed","ast-global-header-display":"","ast-banner-title-visibility":"","ast-main-header-display":"","ast-hfb-above-header-display":"","ast-hfb-below-header-display":"","ast-hfb-mobile-header-display":"","site-post-title":"disabled","ast-breadcrumbs-content":"","ast-featured-img":"","footer-sml-layout":"","theme-transparent-header-meta":"enabled","adv-header-id-meta":"","stick-header-meta":"","header-above-stick-meta":"","header-main-stick-meta":"","header-below-stick-meta":"","astra-migrate-meta-layouts":"set","ast-page-background-enabled":"default","ast-page-background-meta":{"desktop":{"background-color":"var(--ast-global-color-4)","background-image":"","background-repeat":"repeat","background-position":"center center","background-size":"auto","background-attachment":"scroll","background-type":"","background-media":"","overlay-type":"","overlay-color":"","overlay-opacity":"","overlay-gradient":""},"tablet":{"background-color":"","background-image":"","background-repeat":"repeat","background-position":"center center","background-size":"auto","background-attachment":"scroll","background-type":"","background-media":"","overlay-type":"","overlay-color":"","overlay-opacity":"","overlay-gradient":""},"mobile":{"background-color":"","background-image":"","background-repeat":"repeat","background-position":"center center","background-size":"auto","background-attachment":"scroll","background-type":"","background-media":"","overlay-type":"","overlay-color":"","overlay-opacity":"","overlay-gradient":""}},"ast-content-background-meta":{"desktop":{"background-color":"var(--ast-global-color-5)","background-image":"","background-repeat":"repeat","background-position":"center center","background-size":"auto","background-attachment":"scroll","background-type":"","background-media":"","overlay-type":"","overlay-color":"","overlay-opacity":"","overlay-gradient":""},"tablet":{"background-color":"var(--ast-global-color-5)","background-image":"","background-repeat":"repeat","background-position":"center center","background-size":"auto","background-attachment":"scroll","background-type":"","background-media":"","overlay-type":"","overlay-color":"","overlay-opacity":"","overlay-gradient":""},"mobile":{"background-color":"var(--ast-global-color-5)","background-image":"","background-repeat":"repeat","background-position":"center center","background-size":"auto","background-attachment":"scroll","background-type":"","background-media":"","overlay-type":"","overlay-color":"","overlay-opacity":"","overlay-gradient":""}},"footnotes":""},"uagb_featured_image_src":{"full":false,"thumbnail":false,"medium":false,"medium_large":false,"large":false,"1536x1536":false,"2048x2048":false,"trp-custom-language-flag":false},"uagb_author_info":{"display_name":"transparenciasostenida.org","author_link":"https:\/\/transparenciasostenida.org\/en\/author\/navajowhite-jellyfish-329786-hostingersite-com\/"},"uagb_comment_info":0,"uagb_excerpt":"Consejo Directivo","_links":{"self":[{"href":"https:\/\/transparenciasostenida.org\/en\/wp-json\/wp\/v2\/pages\/875"}],"collection":[{"href":"https:\/\/transparenciasostenida.org\/en\/wp-json\/wp\/v2\/pages"}],"about":[{"href":"https:\/\/transparenciasostenida.org\/en\/wp-json\/wp\/v2\/types\/page"}],"author":[{"embeddable":true,"href":"https:\/\/transparenciasostenida.org\/en\/wp-json\/wp\/v2\/users\/1"}],"replies":[{"embeddable":true,"href":"https:\/\/transparenciasostenida.org\/en\/wp-json\/wp\/v2\/comments?post=875"}],"version-history":[{"count":16,"href":"https:\/\/transparenciasostenida.org\/en\/wp-json\/wp\/v2\/pages\/875\/revisions"}],"predecessor-version":[{"id":1268,"href":"https:\/\/transparenciasostenida.org\/en\/wp-json\/wp\/v2\/pages\/875\/revisions\/1268"}],"wp:attachment":[{"href":"https:\/\/transparenciasostenida.org\/en\/wp-json\/wp\/v2\/media?parent=875"}],"curies":[{"name":"wp","href":"https:\/\/api.w.org\/{rel}","templated":true}]}}