{"id":855,"date":"2024-05-28T16:42:17","date_gmt":"2024-05-28T22:42:17","guid":{"rendered":"https:\/\/transparenciasostenida.org\/?page_id=855"},"modified":"2024-06-21T15:53:55","modified_gmt":"2024-06-21T21:53:55","slug":"objetivos","status":"publish","type":"page","link":"https:\/\/transparenciasostenida.org\/en\/objetivos\/","title":{"rendered":"Objetivos"},"content":{"rendered":"<div class=\"wp-block-uagb-container uagb-block-99e2be8c alignfull uagb-is-root-container\"><div class=\"uagb-container-inner-blocks-wrap\">\n<div class=\"wp-block-columns is-layout-flex wp-container-core-columns-is-layout-2 wp-block-columns-is-layout-flex\">\n<div class=\"wp-block-column is-layout-flow wp-block-column-is-layout-flow\">\n<div class=\"wp-block-columns is-layout-flex wp-container-core-columns-is-layout-1 wp-block-columns-is-layout-flex\">\n<div class=\"wp-block-column is-layout-flow wp-block-column-is-layout-flow\" style=\"flex-basis:33.33%\">\n<div class=\"wp-block-uagb-image aligncenter uagb-block-74924800 wp-block-uagb-image--layout-default wp-block-uagb-image--effect-static wp-block-uagb-image--align-center\"><figure class=\"wp-block-uagb-image__figure\"><img decoding=\"async\" srcset=\"https:\/\/transparenciasostenida.org\/wp-content\/uploads\/2024\/05\/LOGO-CABECERA-JPG.jpg ,https:\/\/transparenciasostenida.org\/wp-content\/uploads\/2024\/05\/LOGO-CABECERA-JPG-300x165.jpg 780w, https:\/\/transparenciasostenida.org\/wp-content\/uploads\/2024\/05\/LOGO-CABECERA-JPG-300x165.jpg 360w\" sizes=\"(max-width: 480px) 150px\" src=\"https:\/\/transparenciasostenida.org\/wp-content\/uploads\/2024\/05\/LOGO-CABECERA-JPG.jpg\" alt=\"\" class=\"uag-image-810\" width=\"866\" height=\"484\" title=\"LOGO CABECERA JPG\" loading=\"lazy\" role=\"img\"\/><\/figure><\/div>\n<\/div>\n\n\n\n<div class=\"wp-block-column is-vertically-aligned-center is-layout-flow wp-block-column-is-layout-flow\" style=\"flex-basis:66.66%\">\n<div class=\"wp-block-uagb-advanced-heading uagb-block-180777a4\"><h2 class=\"uagb-heading-text\">Objetivos<\/h2><\/div>\n<\/div>\n<\/div>\n<\/div>\n<\/div>\n<\/div><\/div>\n\n\n\n<div class=\"wp-block-uagb-container uagb-block-769b6847 alignfull uagb-is-root-container\"><div class=\"uagb-container-inner-blocks-wrap\">\n<div class=\"wp-block-uagb-advanced-heading uagb-block-49143d4d\"><h2 class=\"uagb-heading-text\">Entre los objetivos de Transparencia Sostenida, A.C. est\u00e1n:<\/h2><\/div>\n<\/div><\/div>\n\n\n\n<div class=\"wp-block-uagb-container uagb-block-e1ce4e34 alignfull uagb-is-root-container\"><div class=\"uagb-container-inner-blocks-wrap\">\n<div class=\"wp-block-uagb-icon-list uagb-block-fe8ae6d0\"><div class=\"uagb-icon-list__wrap\">\n<div class=\"wp-block-uagb-icon-list-child uagb-block-f05e52ca\"><span class=\"uagb-icon-list__source-wrap\"><svg xmlns=\"https:\/\/www.w3.org\/2000\/svg\" viewbox=\"0 0 512 512\"><path d=\"M512 256C512 397.4 397.4 512 256 512C114.6 512 0 397.4 0 256C0 114.6 114.6 0 256 0C397.4 0 512 114.6 512 256z\"><\/path><\/svg><\/span><span class=\"uagb-icon-list__label\">Fundamentalmente elaborar, editar, publicar, promover y difundir publicaciones electr\u00f3nicas gratuitas inherentes a los fines de la Asociaci\u00f3n, especialmente en temas de cultura, arte, transparencia, prevenci\u00f3n y combate punitivo a la corrupci\u00f3n, educaci\u00f3n, valores c\u00edvicos y \u00e9ticos, democracia y justicia social, que contribuyan al desarrollo integral de cada persona y de la sociedad, ilustrando con casos reales el desempe\u00f1o de personajes encomiables, \u00edntegros, honestos y transparentes, y, por otro lado, el desempe\u00f1o de otros denostables, deshonestos y corruptos.<\/span><\/div>\n\n\n\n<div class=\"wp-block-uagb-icon-list-child uagb-block-111203a5\"><span class=\"uagb-icon-list__source-wrap\"><svg xmlns=\"https:\/\/www.w3.org\/2000\/svg\" viewbox=\"0 0 512 512\"><path d=\"M512 256C512 397.4 397.4 512 256 512C114.6 512 0 397.4 0 256C0 114.6 114.6 0 256 0C397.4 0 512 114.6 512 256z\"><\/path><\/svg><\/span><span class=\"uagb-icon-list__label\">La promoci\u00f3n y difusi\u00f3n de m\u00fasica, artes pl\u00e1sticas, artes dram\u00e1ticas, danza, literatura, arquitectura y cinematograf\u00eda.<\/span><\/div>\n\n\n\n<div class=\"wp-block-uagb-icon-list-child uagb-block-a8f6d82b\"><span class=\"uagb-icon-list__source-wrap\"><svg xmlns=\"https:\/\/www.w3.org\/2000\/svg\" viewbox=\"0 0 512 512\"><path d=\"M512 256C512 397.4 397.4 512 256 512C114.6 512 0 397.4 0 256C0 114.6 114.6 0 256 0C397.4 0 512 114.6 512 256z\"><\/path><\/svg><\/span><span class=\"uagb-icon-list__label\">El apoyo a las actividades de educaci\u00f3n e investigaci\u00f3n art\u00edsticas.<\/span><\/div>\n\n\n\n<div class=\"wp-block-uagb-icon-list-child uagb-block-e77c3c37\"><span class=\"uagb-icon-list__source-wrap\"><svg xmlns=\"https:\/\/www.w3.org\/2000\/svg\" viewbox=\"0 0 512 512\"><path d=\"M512 256C512 397.4 397.4 512 256 512C114.6 512 0 397.4 0 256C0 114.6 114.6 0 256 0C397.4 0 512 114.6 512 256z\"><\/path><\/svg><\/span><span class=\"uagb-icon-list__label\">La protecci\u00f3n, conservaci\u00f3n, restauraci\u00f3n y recuperaci\u00f3n del patrimonio cultural de la humanidad.<\/span><\/div>\n\n\n\n<div class=\"wp-block-uagb-icon-list-child uagb-block-a3ac854b\"><span class=\"uagb-icon-list__source-wrap\"><svg xmlns=\"https:\/\/www.w3.org\/2000\/svg\" viewbox=\"0 0 512 512\"><path d=\"M512 256C512 397.4 397.4 512 256 512C114.6 512 0 397.4 0 256C0 114.6 114.6 0 256 0C397.4 0 512 114.6 512 256z\"><\/path><\/svg><\/span><span class=\"uagb-icon-list__label\">Orientaci\u00f3n art\u00edstica, cultural y social que incluya materias tales como la familia, la educaci\u00f3n, la alimentaci\u00f3n, el trabajo y la salud.<\/span><\/div>\n\n\n\n<div class=\"wp-block-uagb-icon-list-child uagb-block-03717c77\"><span class=\"uagb-icon-list__source-wrap\"><svg xmlns=\"https:\/\/www.w3.org\/2000\/svg\" viewbox=\"0 0 512 512\"><path d=\"M512 256C512 397.4 397.4 512 256 512C114.6 512 0 397.4 0 256C0 114.6 114.6 0 256 0C397.4 0 512 114.6 512 256z\"><\/path><\/svg><\/span><span class=\"uagb-icon-list__label\">Promover la participaci\u00f3n ciudadana para fortalecer la democracia.<\/span><\/div>\n\n\n\n<div class=\"wp-block-uagb-icon-list-child uagb-block-b5f14746\"><span class=\"uagb-icon-list__source-wrap\"><svg xmlns=\"https:\/\/www.w3.org\/2000\/svg\" viewbox=\"0 0 512 512\"><path d=\"M512 256C512 397.4 397.4 512 256 512C114.6 512 0 397.4 0 256C0 114.6 114.6 0 256 0C397.4 0 512 114.6 512 256z\"><\/path><\/svg><\/span><span class=\"uagb-icon-list__label\">Actividades c\u00edvicas, enfocadas a promover la participaci\u00f3n democr\u00e1tica en asuntos de inter\u00e9s p\u00fablico.<\/span><\/div>\n\n\n\n<div class=\"wp-block-uagb-icon-list-child uagb-block-394f5bed\"><span class=\"uagb-icon-list__source-wrap\"><svg xmlns=\"https:\/\/www.w3.org\/2000\/svg\" viewbox=\"0 0 512 512\"><path d=\"M512 256C512 397.4 397.4 512 256 512C114.6 512 0 397.4 0 256C0 114.6 114.6 0 256 0C397.4 0 512 114.6 512 256z\"><\/path><\/svg><\/span><span class=\"uagb-icon-list__label\">Fomentar la educaci\u00f3n para la democracia con valores c\u00edvicos y \u00e9ticos.<\/span><\/div>\n\n\n\n<div class=\"wp-block-uagb-icon-list-child uagb-block-6e0de665\"><span class=\"uagb-icon-list__source-wrap\"><svg xmlns=\"https:\/\/www.w3.org\/2000\/svg\" viewbox=\"0 0 512 512\"><path d=\"M512 256C512 397.4 397.4 512 256 512C114.6 512 0 397.4 0 256C0 114.6 114.6 0 256 0C397.4 0 512 114.6 512 256z\"><\/path><\/svg><\/span><span class=\"uagb-icon-list__label\">Promoci\u00f3n de equidad de g\u00e9nero.<\/span><\/div>\n\n\n\n<div class=\"wp-block-uagb-icon-list-child uagb-block-eb971967\"><span class=\"uagb-icon-list__source-wrap\"><svg xmlns=\"https:\/\/www.w3.org\/2000\/svg\" viewbox=\"0 0 512 512\"><path d=\"M512 256C512 397.4 397.4 512 256 512C114.6 512 0 397.4 0 256C0 114.6 114.6 0 256 0C397.4 0 512 114.6 512 256z\"><\/path><\/svg><\/span><span class=\"uagb-icon-list__label\">La implementaci\u00f3n y establecimiento de bibliotecas digitales de consulta gratuita que mediante hiperv\u00ednculos faciliten la localizaci\u00f3n de temas e ilustraciones, para permitir el acceso del p\u00fablico en general.<\/span><\/div>\n\n\n\n<div class=\"wp-block-uagb-icon-list-child uagb-block-f2acb923\"><span class=\"uagb-icon-list__source-wrap\"><svg xmlns=\"https:\/\/www.w3.org\/2000\/svg\" viewbox=\"0 0 512 512\"><path d=\"M512 256C512 397.4 397.4 512 256 512C114.6 512 0 397.4 0 256C0 114.6 114.6 0 256 0C397.4 0 512 114.6 512 256z\"><\/path><\/svg><\/span><span class=\"uagb-icon-list__label\">Jugar un rol fundamental en la toma de conciencia sobre la importancia de la cultura de la transparencia y del efecto negativo de la corrupci\u00f3n en la sociedad, especialmente en el cada vez mayor empobrecimiento de los menos favorecidos, y, en consecuencia, servir como mecanismo de advertencia temprana de probables da\u00f1os a la humanidad.<\/span><\/div>\n\n\n\n<div class=\"wp-block-uagb-icon-list-child uagb-block-8d96151c\"><span class=\"uagb-icon-list__source-wrap\"><svg xmlns=\"https:\/\/www.w3.org\/2000\/svg\" viewbox=\"0 0 512 512\"><path d=\"M512 256C512 397.4 397.4 512 256 512C114.6 512 0 397.4 0 256C0 114.6 114.6 0 256 0C397.4 0 512 114.6 512 256z\"><\/path><\/svg><\/span><span class=\"uagb-icon-list__label\">Servir a la humanidad colaborando en la promoci\u00f3n de cambios, de acuerdo con la justicia social. Por tanto, trata de infundir en todos una conciencia viva y operante de los problemas sociales, y la consecuente responsabilidad de cooperar a resolverlos.<\/span><\/div>\n\n\n\n<div class=\"wp-block-uagb-icon-list-child uagb-block-bcaa9530\"><span class=\"uagb-icon-list__source-wrap\"><svg xmlns=\"https:\/\/www.w3.org\/2000\/svg\" viewbox=\"0 0 512 512\"><path d=\"M512 256C512 397.4 397.4 512 256 512C114.6 512 0 397.4 0 256C0 114.6 114.6 0 256 0C397.4 0 512 114.6 512 256z\"><\/path><\/svg><\/span><span class=\"uagb-icon-list__label\">Promover y facilitar la cooperaci\u00f3n nacional e internacional en el orden art\u00edstico, cultural y educativo; y fomentar el respeto universal de los derechos humanos y las libertades fundamentales.<\/span><\/div>\n\n\n\n<div class=\"wp-block-uagb-icon-list-child uagb-block-ed26401b\"><span class=\"uagb-icon-list__source-wrap\"><svg xmlns=\"https:\/\/www.w3.org\/2000\/svg\" viewbox=\"0 0 512 512\"><path d=\"M512 256C512 397.4 397.4 512 256 512C114.6 512 0 397.4 0 256C0 114.6 114.6 0 256 0C397.4 0 512 114.6 512 256z\"><\/path><\/svg><\/span><span class=\"uagb-icon-list__label\">Fortalecer los v\u00ednculos de amistad, relaciones fraternas y apoyo mutuo entre los integrantes de la Asociaci\u00f3n, as\u00ed como de \u00e9stos con los miembros de las Organizaciones Art\u00edsticas, Educativas, Sociales, Culturales, Artesanales, etc., nacionales e internacionales.<\/span><\/div>\n\n\n\n<div class=\"wp-block-uagb-icon-list-child uagb-block-05855b63\"><span class=\"uagb-icon-list__source-wrap\"><svg xmlns=\"https:\/\/www.w3.org\/2000\/svg\" viewbox=\"0 0 512 512\"><path d=\"M512 256C512 397.4 397.4 512 256 512C114.6 512 0 397.4 0 256C0 114.6 114.6 0 256 0C397.4 0 512 114.6 512 256z\"><\/path><\/svg><\/span><span class=\"uagb-icon-list__label\">Desempe\u00f1arse como Asociaci\u00f3n incluyente, para la realizaci\u00f3n de actividades art\u00edsticas, educativas, sociales, c\u00edvicas, intelectuales, culturales y legales, teniendo como premisa el desarrollo integral de los individuos y de la sociedad.<\/span><\/div>\n\n\n\n<div class=\"wp-block-uagb-icon-list-child uagb-block-99186df9\"><span class=\"uagb-icon-list__source-wrap\"><svg xmlns=\"https:\/\/www.w3.org\/2000\/svg\" viewbox=\"0 0 512 512\"><path d=\"M512 256C512 397.4 397.4 512 256 512C114.6 512 0 397.4 0 256C0 114.6 114.6 0 256 0C397.4 0 512 114.6 512 256z\"><\/path><\/svg><\/span><span class=\"uagb-icon-list__label\">Dise\u00f1o e implementaci\u00f3n de programas que tengan como objetivo la cultura de la transparencia, la rendici\u00f3n de cuentas y la prevenci\u00f3n y el combate a la corrupci\u00f3n.<\/span><\/div>\n\n\n\n<div class=\"wp-block-uagb-icon-list-child uagb-block-815d8dd3\"><span class=\"uagb-icon-list__source-wrap\"><svg xmlns=\"https:\/\/www.w3.org\/2000\/svg\" viewbox=\"0 0 512 512\"><path d=\"M512 256C512 397.4 397.4 512 256 512C114.6 512 0 397.4 0 256C0 114.6 114.6 0 256 0C397.4 0 512 114.6 512 256z\"><\/path><\/svg><\/span><span class=\"uagb-icon-list__label\">Participar, bajo cualquier t\u00edtulo, en toda clase de instituciones, entidades y consejos, p\u00fablicos, privados y mixtos, nacionales e internacionales, que tengan una relaci\u00f3n con nuestro objeto.<\/span><\/div>\n\n\n\n<div class=\"wp-block-uagb-icon-list-child uagb-block-47cc85ba\"><span class=\"uagb-icon-list__source-wrap\"><svg xmlns=\"https:\/\/www.w3.org\/2000\/svg\" viewbox=\"0 0 512 512\"><path d=\"M512 256C512 397.4 397.4 512 256 512C114.6 512 0 397.4 0 256C0 114.6 114.6 0 256 0C397.4 0 512 114.6 512 256z\"><\/path><\/svg><\/span><span class=\"uagb-icon-list__label\">Impulsar el arte y la cultura, la asistencia jur\u00eddica, la equidad de g\u00e9nero, la cooperaci\u00f3n para el desarrollo comunitario, el apoyo en la defensa y promoci\u00f3n de los derechos humanos, a trav\u00e9s de la colaboraci\u00f3n literaria de profesionistas interesados en la promoci\u00f3n social.<\/span><\/div>\n\n\n\n<div class=\"wp-block-uagb-icon-list-child uagb-block-a5032d6b\"><span class=\"uagb-icon-list__source-wrap\"><svg xmlns=\"https:\/\/www.w3.org\/2000\/svg\" viewbox=\"0 0 512 512\"><path d=\"M512 256C512 397.4 397.4 512 256 512C114.6 512 0 397.4 0 256C0 114.6 114.6 0 256 0C397.4 0 512 114.6 512 256z\"><\/path><\/svg><\/span><span class=\"uagb-icon-list__label\">Fomentar alianzas entre el sector p\u00fablico y privado para la creaci\u00f3n y ejecuci\u00f3n de proyectos que apoyen el desarrollo art\u00edstico, educativo, social, econ\u00f3mico y cultural.<\/span><\/div>\n\n\n\n<div class=\"wp-block-uagb-icon-list-child uagb-block-1cded4dd\"><span class=\"uagb-icon-list__source-wrap\"><svg xmlns=\"https:\/\/www.w3.org\/2000\/svg\" viewbox=\"0 0 512 512\"><path d=\"M512 256C512 397.4 397.4 512 256 512C114.6 512 0 397.4 0 256C0 114.6 114.6 0 256 0C397.4 0 512 114.6 512 256z\"><\/path><\/svg><\/span><span class=\"uagb-icon-list__label\">Propender al fortalecimiento de una conciencia colectiva, con valores c\u00edvicos y \u00e9ticos.<\/span><\/div>\n\n\n\n<div class=\"wp-block-uagb-icon-list-child uagb-block-9606fab8\"><span class=\"uagb-icon-list__source-wrap\"><svg xmlns=\"https:\/\/www.w3.org\/2000\/svg\" viewbox=\"0 0 512 512\"><path d=\"M512 256C512 397.4 397.4 512 256 512C114.6 512 0 397.4 0 256C0 114.6 114.6 0 256 0C397.4 0 512 114.6 512 256z\"><\/path><\/svg><\/span><span class=\"uagb-icon-list__label\">Por medio de la edici\u00f3n, publicaci\u00f3n y difusi\u00f3n de libros electr\u00f3nicos gratuitos, a trav\u00e9s de nuestro sitio web, blog y plataformas de almacenaje, damos a conocer a la sociedad informaci\u00f3n que contribuye a servir a la humanidad en la realizaci\u00f3n de actividades culturales, art\u00edsticas, literarias, educativas con valores c\u00edvicos y \u00e9ticos.<\/span><\/div>\n\n\n\n<div class=\"wp-block-uagb-icon-list-child uagb-block-9ad183bd\"><span class=\"uagb-icon-list__source-wrap\"><svg xmlns=\"https:\/\/www.w3.org\/2000\/svg\" viewbox=\"0 0 512 512\"><path d=\"M512 256C512 397.4 397.4 512 256 512C114.6 512 0 397.4 0 256C0 114.6 114.6 0 256 0C397.4 0 512 114.6 512 256z\"><\/path><\/svg><\/span><span class=\"uagb-icon-list__label\">Impulsar medidas tendientes a lograr un desarrollo social m\u00e1s igualitario, m\u00e1s justo, m\u00e1s participativo, m\u00e1s pr\u00f3spero y m\u00e1s solidario, incluyendo temas como: cultura y arte, justicia social, participaci\u00f3n ciudadana, democracia, educaci\u00f3n con valores c\u00edvicos y \u00e9ticos, prevenci\u00f3n y combate a la corrupci\u00f3n, rendici\u00f3n de cuentas, transparencia, integridad.<\/span><\/div>\n<\/div><\/div>\n<\/div><\/div>\n\n\n\n<div class=\"wp-block-uagb-container uagb-block-46a516f3 alignfull uagb-is-root-container\"><div class=\"uagb-container-inner-blocks-wrap\">\n<div class=\"wp-block-uagb-info-box uagb-block-89aa1fab uagb-infobox__content-wrap  uagb-infobox-icon-above-title uagb-infobox-image-valign-top wp-block-uagb-info-box--has-margin\"><div class=\"uagb-infobox-margin-wrapper\"><div class=\"uagb-ifb-content\"><div class=\"uagb-ifb-title-wrap\"><\/div><p class=\"uagb-ifb-desc\">Transparencia Sostenida, A.C. no persigue fines de lucro y sus actividades tendr\u00e1n como finalidad primordial el cumplimiento de su objeto social, por lo que podr\u00e1 realizar todas las actividades necesarias y\/o convenientes para el mejor cumplimiento del objeto de la misma, en la medida que lo permitan sus recursos y, en un ning\u00fan caso obtiene ni directa o indirectamente beneficios y\/o ventajas econ\u00f3micas para sus asociados.<\/p><\/div><\/div><\/div>\n<\/div><\/div>","protected":false},"excerpt":{"rendered":"<p>Objetivos Entre los objetivos de Transparencia Sostenida, A.C. est\u00e1n:<\/p>","protected":false},"author":1,"featured_media":0,"parent":0,"menu_order":0,"comment_status":"closed","ping_status":"closed","template":"","meta":{"_uag_custom_page_level_css":"","site-sidebar-layout":"no-sidebar","site-content-layout":"plain-container","ast-site-content-layout":"normal-width-container","site-content-style":"unboxed","site-sidebar-style":"unboxed","ast-global-header-display":"","ast-banner-title-visibility":"","ast-main-header-display":"","ast-hfb-above-header-display":"","ast-hfb-below-header-display":"","ast-hfb-mobile-header-display":"","site-post-title":"disabled","ast-breadcrumbs-content":"","ast-featured-img":"","footer-sml-layout":"","theme-transparent-header-meta":"enabled","adv-header-id-meta":"","stick-header-meta":"","header-above-stick-meta":"","header-main-stick-meta":"","header-below-stick-meta":"","astra-migrate-meta-layouts":"set","ast-page-background-enabled":"default","ast-page-background-meta":{"desktop":{"background-color":"var(--ast-global-color-4)","background-image":"","background-repeat":"repeat","background-position":"center center","background-size":"auto","background-attachment":"scroll","background-type":"","background-media":"","overlay-type":"","overlay-color":"","overlay-opacity":"","overlay-gradient":""},"tablet":{"background-color":"","background-image":"","background-repeat":"repeat","background-position":"center center","background-size":"auto","background-attachment":"scroll","background-type":"","background-media":"","overlay-type":"","overlay-color":"","overlay-opacity":"","overlay-gradient":""},"mobile":{"background-color":"","background-image":"","background-repeat":"repeat","background-position":"center center","background-size":"auto","background-attachment":"scroll","background-type":"","background-media":"","overlay-type":"","overlay-color":"","overlay-opacity":"","overlay-gradient":""}},"ast-content-background-meta":{"desktop":{"background-color":"var(--ast-global-color-5)","background-image":"","background-repeat":"repeat","background-position":"center center","background-size":"auto","background-attachment":"scroll","background-type":"","background-media":"","overlay-type":"","overlay-color":"","overlay-opacity":"","overlay-gradient":""},"tablet":{"background-color":"var(--ast-global-color-5)","background-image":"","background-repeat":"repeat","background-position":"center center","background-size":"auto","background-attachment":"scroll","background-type":"","background-media":"","overlay-type":"","overlay-color":"","overlay-opacity":"","overlay-gradient":""},"mobile":{"background-color":"var(--ast-global-color-5)","background-image":"","background-repeat":"repeat","background-position":"center center","background-size":"auto","background-attachment":"scroll","background-type":"","background-media":"","overlay-type":"","overlay-color":"","overlay-opacity":"","overlay-gradient":""}},"footnotes":""},"uagb_featured_image_src":{"full":false,"thumbnail":false,"medium":false,"medium_large":false,"large":false,"1536x1536":false,"2048x2048":false,"trp-custom-language-flag":false},"uagb_author_info":{"display_name":"transparenciasostenida.org","author_link":"https:\/\/transparenciasostenida.org\/en\/author\/navajowhite-jellyfish-329786-hostingersite-com\/"},"uagb_comment_info":0,"uagb_excerpt":"Objetivos Entre los objetivos de Transparencia Sostenida, A.C. est\u00e1n:","_links":{"self":[{"href":"https:\/\/transparenciasostenida.org\/en\/wp-json\/wp\/v2\/pages\/855"}],"collection":[{"href":"https:\/\/transparenciasostenida.org\/en\/wp-json\/wp\/v2\/pages"}],"about":[{"href":"https:\/\/transparenciasostenida.org\/en\/wp-json\/wp\/v2\/types\/page"}],"author":[{"embeddable":true,"href":"https:\/\/transparenciasostenida.org\/en\/wp-json\/wp\/v2\/users\/1"}],"replies":[{"embeddable":true,"href":"https:\/\/transparenciasostenida.org\/en\/wp-json\/wp\/v2\/comments?post=855"}],"version-history":[{"count":17,"href":"https:\/\/transparenciasostenida.org\/en\/wp-json\/wp\/v2\/pages\/855\/revisions"}],"predecessor-version":[{"id":1277,"href":"https:\/\/transparenciasostenida.org\/en\/wp-json\/wp\/v2\/pages\/855\/revisions\/1277"}],"wp:attachment":[{"href":"https:\/\/transparenciasostenida.org\/en\/wp-json\/wp\/v2\/media?parent=855"}],"curies":[{"name":"wp","href":"https:\/\/api.w.org\/{rel}","templated":true}]}}