{"id":782,"date":"2024-05-24T09:56:57","date_gmt":"2024-05-24T15:56:57","guid":{"rendered":"https:\/\/transparenciasostenida.org\/?page_id=782"},"modified":"2024-06-21T15:46:58","modified_gmt":"2024-06-21T21:46:58","slug":"corrupcion-institucional","status":"publish","type":"page","link":"https:\/\/transparenciasostenida.org\/en\/corrupcion-institucional\/","title":{"rendered":"Corrupci\u00f3n Institucional"},"content":{"rendered":"<div class=\"wp-block-uagb-container uagb-block-99e2be8c alignfull uagb-is-root-container\"><div class=\"uagb-container-inner-blocks-wrap\">\n<div class=\"wp-block-columns is-layout-flex wp-container-core-columns-is-layout-2 wp-block-columns-is-layout-flex\">\n<div class=\"wp-block-column is-layout-flow wp-block-column-is-layout-flow\">\n<div class=\"wp-block-columns is-layout-flex wp-container-core-columns-is-layout-1 wp-block-columns-is-layout-flex\">\n<div class=\"wp-block-column is-layout-flow wp-block-column-is-layout-flow\" style=\"flex-basis:33.33%\">\n<div class=\"wp-block-uagb-image aligncenter uagb-block-74924800 wp-block-uagb-image--layout-default wp-block-uagb-image--effect-static wp-block-uagb-image--align-center\"><figure class=\"wp-block-uagb-image__figure\"><img decoding=\"async\" srcset=\"https:\/\/transparenciasostenida.org\/wp-content\/uploads\/2024\/05\/LOGO-CABECERA-JPG.jpg ,https:\/\/transparenciasostenida.org\/wp-content\/uploads\/2024\/05\/LOGO-CABECERA-JPG-300x165.jpg 780w, https:\/\/transparenciasostenida.org\/wp-content\/uploads\/2024\/05\/LOGO-CABECERA-JPG-300x165.jpg 360w\" sizes=\"(max-width: 480px) 150px\" src=\"https:\/\/transparenciasostenida.org\/wp-content\/uploads\/2024\/05\/LOGO-CABECERA-JPG.jpg\" alt=\"\" class=\"uag-image-810\" width=\"866\" height=\"484\" title=\"LOGO CABECERA JPG\" loading=\"lazy\" role=\"img\"\/><\/figure><\/div>\n<\/div>\n\n\n\n<div class=\"wp-block-column is-vertically-aligned-center is-layout-flow wp-block-column-is-layout-flow\" style=\"flex-basis:66.66%\">\n<div class=\"wp-block-uagb-advanced-heading uagb-block-180777a4\"><h2 class=\"uagb-heading-text\">Corrupci\u00f3n Institucional<\/h2><\/div>\n<\/div>\n<\/div>\n<\/div>\n<\/div>\n<\/div><\/div>\n\n\n\n<div class=\"wp-block-uagb-container uagb-block-928654d9 alignfull uagb-is-root-container\"><div class=\"uagb-container-inner-blocks-wrap\">\n<div class=\"wp-block-uagb-info-box uagb-block-a0073912 uagb-infobox__content-wrap  uagb-infobox-icon-above-title uagb-infobox-image-valign-top\"><div class=\"uagb-ifb-content\"><div class=\"uagb-ifb-title-wrap\"><\/div><p class=\"uagb-ifb-desc\">En el entendido que la&nbsp;<strong>escritura<\/strong>, en general, posee&nbsp;<strong>m\u00e9rito art\u00edstico<\/strong>, y que la&nbsp;<strong>corrupci\u00f3n<\/strong>&nbsp;es toda conducta il\u00edcita en que incurre un funcionario p\u00fablico o cualquier otra persona que participe en las ganancias de actos fraudulentos o de cualquier otro acto indebido, as\u00ed como que el&nbsp;<strong>Derecho<\/strong>&nbsp;es el orden normativo de la conducta humana en sociedad, inspirado en postulados de justicia, guarda una \u00edntima conexi\u00f3n con las principales disciplinas human\u00edsticas entre las que destaca la&nbsp;<strong>Literatura<\/strong>, al&nbsp;<strong>Derecho<\/strong>&nbsp;se le ha considerado simult\u00e1neamente una ciencia y un&nbsp;<strong>arte<\/strong>. Y es por lo anterior que decidimos iniciar el presente apartado con la exposici\u00f3n de un ensayo relativo a la correlaci\u00f3n entre el Derecho y la Literatura, para posteriormente exhibir&nbsp;<strong>casos reales<\/strong>&nbsp;de corrupci\u00f3n y sus principales actores, en diversas instituciones tanto p\u00fablicas como privadas.<\/p><\/div><\/div>\n<\/div><\/div>\n\n\n\n<div class=\"wp-block-uagb-container uagb-block-6c9a8a49 alignfull uagb-is-root-container\"><div class=\"uagb-container-inner-blocks-wrap\">\n<div class=\"wp-block-uagb-advanced-heading uagb-block-e66d3f3d\"><h1 class=\"uagb-heading-text\"><strong>VINCULACI\u00d3N DEL DERECHO Y LA LITERATURA<\/strong><\/h1><\/div>\n<\/div><\/div>\n\n\n\n<div class=\"wp-block-uagb-container uagb-block-414633c4 alignfull uagb-is-root-container\"><div class=\"uagb-container-inner-blocks-wrap\">\n<div class=\"wp-block-uagb-container uagb-block-16254053\">\n<div class=\"wp-block-uagb-image aligncenter uagb-block-1b5ef4f2 wp-block-uagb-image--layout-default wp-block-uagb-image--effect-static wp-block-uagb-image--align-center\"><figure class=\"wp-block-uagb-image__figure\"><img decoding=\"async\" srcset=\"https:\/\/transparenciasostenida.org\/wp-content\/uploads\/2024\/06\/01-Vinculacion-del-derecho-y-la-literatura-500.jpg ,https:\/\/transparenciasostenida.org\/wp-content\/uploads\/2024\/06\/01-Vinculacion-del-derecho-y-la-literatura-500.jpg 780w, https:\/\/transparenciasostenida.org\/wp-content\/uploads\/2024\/06\/01-Vinculacion-del-derecho-y-la-literatura-500.jpg 360w\" sizes=\"(max-width: 480px) 150px\" src=\"https:\/\/transparenciasostenida.org\/wp-content\/uploads\/2024\/06\/01-Vinculacion-del-derecho-y-la-literatura-500.jpg\" alt=\"\" class=\"uag-image-992\" width=\"385\" height=\"571\" title=\"01 Vinculaci\u00f3n del derecho y la literatura 500\" loading=\"lazy\" role=\"img\"\/><\/figure><\/div>\n<\/div>\n\n\n\n<div class=\"wp-block-uagb-container uagb-block-074231f0\">\n<div class=\"wp-block-uagb-advanced-heading uagb-block-c0061ad0\"><h2 class=\"uagb-heading-text\">\u00cdNDICE<\/h2><\/div>\n\n\n\n<div class=\"wp-block-uagb-info-box uagb-block-6bacca52 uagb-infobox__content-wrap  uagb-infobox-icon-above-title uagb-infobox-image-valign-top wp-block-uagb-info-box--has-margin\"><div class=\"uagb-infobox-margin-wrapper\"><div class=\"uagb-ifb-content\"><div class=\"uagb-ifb-title-wrap\"><\/div><p class=\"uagb-ifb-desc\">1. EDUCACI\u00d3N LITERARIA.<br>2. MODELOS DE LAS RELACIONES DERECHO-LITERATURA.<br>3. SABIDUR\u00cdA TE\u00d3RICA Y PR\u00c1CTICA.<br>4. EL DERECHO, LA JUSTICIA Y EL PODER.<br>5. EP\u00cdLOGO.<br>BIBLIOGRAF\u00cdA.<\/p><\/div><\/div><\/div>\n\n\n\n<div class=\"wp-block-uagb-info-box uagb-block-e35cdce5 uagb-infobox__content-wrap  uagb-infobox-icon-below-title uagb-infobox-image-valign-top\"><div class=\"uagb-ifb-content\"><div class=\"uagb-ifb-title-wrap\"><\/div><div class=\"uagb-ifb-image-content\"><img decoding=\"async\" src=\"https:\/\/transparenciasostenida.org\/wp-content\/uploads\/2024\/05\/pdf-original-500.png\" alt=\"\" width=\"\" height=\"0\" loading=\"lazy\"\/><\/div><div class=\"uagb-ifb-button-wrapper wp-block-button\"><a href=\"https:\/\/drive.google.com\/uc?export=download&amp;id=1tvAqG_C8JsT50dVO7sVgDn0zVt8cb2--\" class=\"uagb-infobox-cta-link wp-block-button__link\" target=\"_self\" rel=\"noopener noreferrer\" onclick=\"return true;\" alt=\"\"><svg xmlns=\"https:\/\/www.w3.org\/2000\/svg\" viewbox=\"0 0 384 512\"><path d=\"M384 128h-128V0L384 128zM256 160H384v304c0 26.51-21.49 48-48 48h-288C21.49 512 0 490.5 0 464v-416C0 21.49 21.49 0 48 0H224l.0039 128C224 145.7 238.3 160 256 160zM255 295L216 334.1V232c0-13.25-10.75-24-24-24S168 218.8 168 232v102.1L128.1 295C124.3 290.3 118.2 288 112 288S99.72 290.3 95.03 295c-9.375 9.375-9.375 24.56 0 33.94l80 80c9.375 9.375 24.56 9.375 33.94 0l80-80c9.375-9.375 9.375-24.56 0-33.94S264.4 285.7 255 295z\"><\/path><\/svg><span class=\"uagb-inline-editing\">DESCARGAR AQU\u00cd GRATUITAMENTE<\/span><\/a><\/div><\/div><\/div>\n<\/div>\n<\/div><\/div>\n\n\n\n<div class=\"wp-block-uagb-container uagb-block-c93aa8f0 alignfull uagb-is-root-container\"><div class=\"uagb-container-inner-blocks-wrap\">\n<div class=\"wp-block-uagb-info-box uagb-block-844788e9 uagb-infobox__content-wrap  uagb-infobox-icon-above-title uagb-infobox-image-valign-top\"><div class=\"uagb-ifb-content\"><div class=\"uagb-ifb-title-wrap\"><\/div><p class=\"uagb-ifb-desc\">Debido a que los&nbsp;<strong>casos reales<\/strong>&nbsp;de corrupci\u00f3n y sus principales actores cuentan, en su mayor\u00eda, con la participaci\u00f3n de autoridades judiciales, consideramos conveniente tambi\u00e9n publicar los libros de descarga gratuita: \u201cCorrupci\u00f3n Judicial\u201d y \u201cMetodolog\u00eda para el Examen de Casos Reales de Corrupci\u00f3n\u201d, antes de entrar de lleno al Examen de Casos Reales de Corrupci\u00f3n y sus Principales Actores.<\/p><\/div><\/div>\n<\/div><\/div>\n\n\n\n<div class=\"wp-block-uagb-container uagb-block-e70d2cef alignfull uagb-is-root-container\"><div class=\"uagb-container-inner-blocks-wrap\">\n<div class=\"wp-block-uagb-advanced-heading uagb-block-ab684e07\"><h2 class=\"uagb-heading-text\">CORRUPCI\u00d3N JUDICIAL<\/h2><\/div>\n<\/div><\/div>\n\n\n\n<div class=\"wp-block-uagb-container uagb-block-cb50a435 alignfull uagb-is-root-container\"><div class=\"uagb-container-inner-blocks-wrap\">\n<div class=\"wp-block-uagb-container uagb-block-188c8897\">\n<div class=\"wp-block-uagb-image aligncenter uagb-block-d4663c4e wp-block-uagb-image--layout-default wp-block-uagb-image--effect-static wp-block-uagb-image--align-center\"><figure class=\"wp-block-uagb-image__figure\"><img decoding=\"async\" srcset=\"https:\/\/transparenciasostenida.org\/wp-content\/uploads\/2024\/06\/02-Corrupcion-judicial-500.jpg ,https:\/\/transparenciasostenida.org\/wp-content\/uploads\/2024\/06\/02-Corrupcion-judicial-500.jpg 780w, https:\/\/transparenciasostenida.org\/wp-content\/uploads\/2024\/06\/02-Corrupcion-judicial-500.jpg 360w\" sizes=\"(max-width: 480px) 150px\" src=\"https:\/\/transparenciasostenida.org\/wp-content\/uploads\/2024\/06\/02-Corrupcion-judicial-500.jpg\" alt=\"\" class=\"uag-image-997\" width=\"385\" height=\"571\" title=\"02 Corrupci\u00f3n judicial 500\" loading=\"lazy\" role=\"img\"\/><\/figure><\/div>\n<\/div>\n\n\n\n<div class=\"wp-block-uagb-container uagb-block-d9a1c063\">\n<div class=\"wp-block-uagb-advanced-heading uagb-block-c52ea3c3\"><h2 class=\"uagb-heading-text\">\u00cdNDICE<\/h2><\/div>\n\n\n\n<div class=\"wp-block-uagb-info-box uagb-block-95481edb uagb-infobox__content-wrap  uagb-infobox-icon-above-title uagb-infobox-image-valign-top wp-block-uagb-info-box--has-margin\"><div class=\"uagb-infobox-margin-wrapper\"><div class=\"uagb-ifb-content\"><div class=\"uagb-ifb-title-wrap\"><\/div><p class=\"uagb-ifb-desc\">INTRODUCCI\u00d3N<br>I. PROBLEMAS PRINCIPALES.<br>II. DESLEGITIMACI\u00d3N DEL JUEZ, POR LA CORRUPCI\u00d3N.<br>III. INDEPENDENCIA JUDICIAL.<br>IV. ABOGADOS Y ASOCIACIONES JUR\u00cdDICAS.<br>V.&nbsp;CULTURA JUR\u00cdDICA.<br>VI. FUNCI\u00d3N DE LOS MEDIOS DE COMUNICACI\u00d3N.<br>VII. EXAMEN DE CASOS.<br>VIII. IMPUNIDAD CAMPANTE.<br>AP\u00c9NDICE. Art\u00edculos de varios autores sobre corrupci\u00f3n.<br>BIBLIOGRAF\u00cdA.<\/p><\/div><\/div><\/div>\n\n\n\n<div class=\"wp-block-uagb-info-box uagb-block-3d17292d uagb-infobox__content-wrap  uagb-infobox-icon-below-title uagb-infobox-image-valign-top\"><div class=\"uagb-ifb-content\"><div class=\"uagb-ifb-title-wrap\"><\/div><div class=\"uagb-ifb-image-content\"><img decoding=\"async\" src=\"https:\/\/transparenciasostenida.org\/wp-content\/uploads\/2024\/05\/pdf-original-500.png\" alt=\"\" width=\"\" height=\"0\" loading=\"lazy\"\/><\/div><div class=\"uagb-ifb-button-wrapper wp-block-button\"><a href=\"https:\/\/drive.google.com\/uc?export=download&amp;id=1AfbAOIoTTKdl0v1PmgmIrlYjbCQWA-zz\" class=\"uagb-infobox-cta-link wp-block-button__link\" target=\"_self\" rel=\"noopener noreferrer\" onclick=\"return true;\" alt=\"\"><svg xmlns=\"https:\/\/www.w3.org\/2000\/svg\" viewbox=\"0 0 384 512\"><path d=\"M384 128h-128V0L384 128zM256 160H384v304c0 26.51-21.49 48-48 48h-288C21.49 512 0 490.5 0 464v-416C0 21.49 21.49 0 48 0H224l.0039 128C224 145.7 238.3 160 256 160zM255 295L216 334.1V232c0-13.25-10.75-24-24-24S168 218.8 168 232v102.1L128.1 295C124.3 290.3 118.2 288 112 288S99.72 290.3 95.03 295c-9.375 9.375-9.375 24.56 0 33.94l80 80c9.375 9.375 24.56 9.375 33.94 0l80-80c9.375-9.375 9.375-24.56 0-33.94S264.4 285.7 255 295z\"><\/path><\/svg><span class=\"uagb-inline-editing\">DESCARGAR AQU\u00cd GRATUITAMENTE<\/span><\/a><\/div><\/div><\/div>\n<\/div>\n<\/div><\/div>\n\n\n\n<div class=\"wp-block-uagb-container uagb-block-506eb94b alignfull uagb-is-root-container\"><div class=\"uagb-container-inner-blocks-wrap\">\n<div class=\"wp-block-uagb-advanced-heading uagb-block-283b9c62\"><h2 class=\"uagb-heading-text\">METODOLOG\u00cdA PARA EL EXAMEN DE CASOS REALES DE CORRUPCI\u00d3N<\/h2><\/div>\n<\/div><\/div>\n\n\n\n<div class=\"wp-block-uagb-container uagb-block-2629b9c7 alignfull uagb-is-root-container\"><div class=\"uagb-container-inner-blocks-wrap\">\n<div class=\"wp-block-uagb-container uagb-block-eeb07977\">\n<div class=\"wp-block-uagb-image aligncenter uagb-block-805f7136 wp-block-uagb-image--layout-default wp-block-uagb-image--effect-static wp-block-uagb-image--align-center\"><figure class=\"wp-block-uagb-image__figure\"><img decoding=\"async\" srcset=\"https:\/\/transparenciasostenida.org\/wp-content\/uploads\/2024\/06\/03-Metodologia-para-el-examen-500.jpg ,https:\/\/transparenciasostenida.org\/wp-content\/uploads\/2024\/06\/03-Metodologia-para-el-examen-500.jpg 780w, https:\/\/transparenciasostenida.org\/wp-content\/uploads\/2024\/06\/03-Metodologia-para-el-examen-500.jpg 360w\" sizes=\"(max-width: 480px) 150px\" src=\"https:\/\/transparenciasostenida.org\/wp-content\/uploads\/2024\/06\/03-Metodologia-para-el-examen-500.jpg\" alt=\"\" class=\"uag-image-1000\" width=\"385\" height=\"571\" title=\"03 Metodolog\u00eda para el examen 500\" loading=\"lazy\" role=\"img\"\/><\/figure><\/div>\n<\/div>\n\n\n\n<div class=\"wp-block-uagb-container uagb-block-027bc75c\">\n<div class=\"wp-block-uagb-advanced-heading uagb-block-c8654d9c\"><h2 class=\"uagb-heading-text\">\u00cdNDICE<\/h2><\/div>\n\n\n\n<div class=\"wp-block-uagb-info-box uagb-block-625d7497 uagb-infobox__content-wrap  uagb-infobox-icon-above-title uagb-infobox-image-valign-top wp-block-uagb-info-box--has-margin\"><div class=\"uagb-infobox-margin-wrapper\"><div class=\"uagb-ifb-content\"><div class=\"uagb-ifb-title-wrap\"><\/div><p class=\"uagb-ifb-desc\">I. LA TRASCENDENCIA DEL EXAMEN.<br>II. BENEFICIOS DEL EXAMEN DEL CASO.<br>III. RACIOCINIO E INVENTIVA.<br>IV. SENTIDO SOCIAL.<br>V. EL SISTEMA SOCIAL.<br>VI. CREATIVIDAD.<br>VII. LA PR\u00c1CTICA.<br>VIII. LA RAPIDEZ.<br>IX. CIRCUNSPECCI\u00d3N Y CAUTELA.<br>X. PREVISI\u00d3N.<br>BIBLIOGRAF\u00cdA.<\/p><\/div><\/div><\/div>\n\n\n\n<div class=\"wp-block-uagb-info-box uagb-block-9f186362 uagb-infobox__content-wrap  uagb-infobox-icon-below-title uagb-infobox-image-valign-top\"><div class=\"uagb-ifb-content\"><div class=\"uagb-ifb-title-wrap\"><\/div><div class=\"uagb-ifb-image-content\"><img decoding=\"async\" src=\"https:\/\/transparenciasostenida.org\/wp-content\/uploads\/2024\/05\/pdf-original-500.png\" alt=\"\" width=\"\" height=\"0\" loading=\"lazy\"\/><\/div><div class=\"uagb-ifb-button-wrapper wp-block-button\"><a href=\"https:\/\/drive.google.com\/uc?export=download&amp;id=1ehqZN8xL_5CvPflHl3AYGK5ez9vICel5\" class=\"uagb-infobox-cta-link wp-block-button__link\" target=\"_self\" rel=\"noopener noreferrer\" onclick=\"return true;\" alt=\"\"><svg xmlns=\"https:\/\/www.w3.org\/2000\/svg\" viewbox=\"0 0 384 512\"><path d=\"M384 128h-128V0L384 128zM256 160H384v304c0 26.51-21.49 48-48 48h-288C21.49 512 0 490.5 0 464v-416C0 21.49 21.49 0 48 0H224l.0039 128C224 145.7 238.3 160 256 160zM255 295L216 334.1V232c0-13.25-10.75-24-24-24S168 218.8 168 232v102.1L128.1 295C124.3 290.3 118.2 288 112 288S99.72 290.3 95.03 295c-9.375 9.375-9.375 24.56 0 33.94l80 80c9.375 9.375 24.56 9.375 33.94 0l80-80c9.375-9.375 9.375-24.56 0-33.94S264.4 285.7 255 295z\"><\/path><\/svg><span class=\"uagb-inline-editing\">DESCARGA AQU\u00cd GRATUITAMENTE<\/span><\/a><\/div><\/div><\/div>\n<\/div>\n<\/div><\/div>\n\n\n\n<div class=\"wp-block-uagb-container uagb-block-8bfe5e05 alignfull uagb-is-root-container\"><div class=\"uagb-container-inner-blocks-wrap\">\n<div class=\"wp-block-uagb-advanced-heading uagb-block-e5d1730a\"><h2 class=\"uagb-heading-text\">EXAMEN DE CASOS REALES DE CORRUPCI\u00d3N Y SUS PRINCIPALES ACTORES<\/h2><\/div>\n<\/div><\/div>\n\n\n\n<div class=\"wp-block-uagb-container uagb-block-845446bf alignfull uagb-is-root-container\"><div class=\"uagb-container-inner-blocks-wrap\">\n<div class=\"wp-block-uagb-advanced-heading uagb-block-06d6af20\"><h2 class=\"uagb-heading-text\">EL IMSS DEFRAUDA A SUS DERECHOHABIETES<\/h2><\/div>\n<\/div><\/div>\n\n\n\n<div class=\"wp-block-uagb-container uagb-block-72d8c9ee alignfull uagb-is-root-container\"><div class=\"uagb-container-inner-blocks-wrap\">\n<div class=\"wp-block-uagb-info-box uagb-block-16799984 uagb-infobox__content-wrap  uagb-infobox-icon-above-title uagb-infobox-image-valign-top wp-block-uagb-info-box--has-margin\"><div class=\"uagb-infobox-margin-wrapper\"><div class=\"uagb-ifb-content\"><div class=\"uagb-ifb-title-wrap\"><\/div><p class=\"uagb-ifb-desc\">Unidad M\u00e9dica Familiar No. 18<br>Caso Real<br>Tomo I<\/p><\/div><\/div><\/div>\n<\/div><\/div>\n\n\n\n<div class=\"wp-block-uagb-container uagb-block-f6c98b1e alignfull uagb-is-root-container\"><div class=\"uagb-container-inner-blocks-wrap\">\n<div class=\"wp-block-uagb-container uagb-block-c333fb52\">\n<div class=\"wp-block-uagb-image aligncenter uagb-block-7cf3faed wp-block-uagb-image--layout-default wp-block-uagb-image--effect-static wp-block-uagb-image--align-center\"><figure class=\"wp-block-uagb-image__figure\"><img decoding=\"async\" srcset=\"https:\/\/transparenciasostenida.org\/wp-content\/uploads\/2024\/06\/04-El-IMSS-defrauda-a-sus-derechohabientes.-Tomo-I-500.jpg ,https:\/\/transparenciasostenida.org\/wp-content\/uploads\/2024\/06\/04-El-IMSS-defrauda-a-sus-derechohabientes.-Tomo-I-500.jpg 780w, https:\/\/transparenciasostenida.org\/wp-content\/uploads\/2024\/06\/04-El-IMSS-defrauda-a-sus-derechohabientes.-Tomo-I-500.jpg 360w\" sizes=\"(max-width: 480px) 150px\" src=\"https:\/\/transparenciasostenida.org\/wp-content\/uploads\/2024\/06\/04-El-IMSS-defrauda-a-sus-derechohabientes.-Tomo-I-500.jpg\" alt=\"\" class=\"uag-image-1009\" width=\"385\" height=\"571\" title=\"04 El IMSS defrauda a sus derechohabientes. Tomo I 500\" loading=\"lazy\" role=\"img\"\/><\/figure><\/div>\n<\/div>\n\n\n\n<div class=\"wp-block-uagb-container uagb-block-bf7d474d\">\n<div class=\"wp-block-uagb-advanced-heading uagb-block-0930c3e6\"><h2 class=\"uagb-heading-text\">\u00cdNDICE<\/h2><\/div>\n\n\n\n<div class=\"wp-block-uagb-info-box uagb-block-9df4ee6a uagb-infobox__content-wrap  uagb-infobox-icon-above-title uagb-infobox-image-valign-top wp-block-uagb-info-box--has-margin\"><div class=\"uagb-infobox-margin-wrapper\"><div class=\"uagb-ifb-content\"><div class=\"uagb-ifb-title-wrap\"><\/div><p class=\"uagb-ifb-desc\">INTRODUCCION.<br>1. REQUISITOS Y DOCUMENTOS PARA SOLICITAR LA PENSI\u00d3N DE VEJEZ.<br>2. SOLICITUD DE PENSI\u00d3N DE VEJEZ.<br>3. RESOLUCI\u00d3N PARA EL OTORGAMIENTO DE PENSI\u00d3N DE VEJEZ.<br>BIBLIOGRAF\u00cdA.<\/p><\/div><\/div><\/div>\n\n\n\n<div class=\"wp-block-uagb-info-box uagb-block-443172a7 uagb-infobox__content-wrap  uagb-infobox-icon-below-title uagb-infobox-image-valign-top\"><div class=\"uagb-ifb-content\"><div class=\"uagb-ifb-title-wrap\"><\/div><div class=\"uagb-ifb-image-content\"><img decoding=\"async\" src=\"https:\/\/transparenciasostenida.org\/wp-content\/uploads\/2024\/05\/pdf-original-500.png\" alt=\"\" width=\"\" height=\"0\" loading=\"lazy\"\/><\/div><div class=\"uagb-ifb-button-wrapper wp-block-button\"><a href=\"https:\/\/drive.google.com\/uc?export=download&amp;id=1Ly1ubmzG-UTlW6n6CKIKBAggQBzrUIu6\" class=\"uagb-infobox-cta-link wp-block-button__link\" target=\"_self\" rel=\"noopener noreferrer\" onclick=\"return true;\" alt=\"\"><svg xmlns=\"https:\/\/www.w3.org\/2000\/svg\" viewbox=\"0 0 384 512\"><path d=\"M384 128h-128V0L384 128zM256 160H384v304c0 26.51-21.49 48-48 48h-288C21.49 512 0 490.5 0 464v-416C0 21.49 21.49 0 48 0H224l.0039 128C224 145.7 238.3 160 256 160zM255 295L216 334.1V232c0-13.25-10.75-24-24-24S168 218.8 168 232v102.1L128.1 295C124.3 290.3 118.2 288 112 288S99.72 290.3 95.03 295c-9.375 9.375-9.375 24.56 0 33.94l80 80c9.375 9.375 24.56 9.375 33.94 0l80-80c9.375-9.375 9.375-24.56 0-33.94S264.4 285.7 255 295z\"><\/path><\/svg><span class=\"uagb-inline-editing\">DESACARGA AQU\u00cd GRATUITAMENTE<\/span><\/a><\/div><\/div><\/div>\n<\/div>\n<\/div><\/div>","protected":false},"excerpt":{"rendered":"<p>Corrupci\u00f3n Institucional VINCULACI\u00d3N DEL DERECHO Y LA LITERATURA \u00cdNDICE CORRUPCI\u00d3N JUDICIAL \u00cdNDICE METODOLOG\u00cdA PARA EL EXAMEN DE CASOS REALES DE CORRUPCI\u00d3N \u00cdNDICE EXAMEN DE CASOS REALES DE CORRUPCI\u00d3N Y SUS PRINCIPALES ACTORES EL IMSS DEFRAUDA A SUS DERECHOHABIETES \u00cdNDICE<\/p>","protected":false},"author":1,"featured_media":0,"parent":0,"menu_order":0,"comment_status":"closed","ping_status":"closed","template":"","meta":{"_uag_custom_page_level_css":"","site-sidebar-layout":"no-sidebar","site-content-layout":"plain-container","ast-site-content-layout":"normal-width-container","site-content-style":"unboxed","site-sidebar-style":"unboxed","ast-global-header-display":"","ast-banner-title-visibility":"","ast-main-header-display":"","ast-hfb-above-header-display":"","ast-hfb-below-header-display":"","ast-hfb-mobile-header-display":"","site-post-title":"disabled","ast-breadcrumbs-content":"","ast-featured-img":"","footer-sml-layout":"","theme-transparent-header-meta":"enabled","adv-header-id-meta":"","stick-header-meta":"","header-above-stick-meta":"","header-main-stick-meta":"","header-below-stick-meta":"","astra-migrate-meta-layouts":"set","ast-page-background-enabled":"default","ast-page-background-meta":{"desktop":{"background-color":"var(--ast-global-color-4)","background-image":"","background-repeat":"repeat","background-position":"center center","background-size":"auto","background-attachment":"scroll","background-type":"","background-media":"","overlay-type":"","overlay-color":"","overlay-opacity":"","overlay-gradient":""},"tablet":{"background-color":"","background-image":"","background-repeat":"repeat","background-position":"center center","background-size":"auto","background-attachment":"scroll","background-type":"","background-media":"","overlay-type":"","overlay-color":"","overlay-opacity":"","overlay-gradient":""},"mobile":{"background-color":"","background-image":"","background-repeat":"repeat","background-position":"center center","background-size":"auto","background-attachment":"scroll","background-type":"","background-media":"","overlay-type":"","overlay-color":"","overlay-opacity":"","overlay-gradient":""}},"ast-content-background-meta":{"desktop":{"background-color":"var(--ast-global-color-5)","background-image":"","background-repeat":"repeat","background-position":"center center","background-size":"auto","background-attachment":"scroll","background-type":"","background-media":"","overlay-type":"","overlay-color":"","overlay-opacity":"","overlay-gradient":""},"tablet":{"background-color":"var(--ast-global-color-5)","background-image":"","background-repeat":"repeat","background-position":"center center","background-size":"auto","background-attachment":"scroll","background-type":"","background-media":"","overlay-type":"","overlay-color":"","overlay-opacity":"","overlay-gradient":""},"mobile":{"background-color":"var(--ast-global-color-5)","background-image":"","background-repeat":"repeat","background-position":"center center","background-size":"auto","background-attachment":"scroll","background-type":"","background-media":"","overlay-type":"","overlay-color":"","overlay-opacity":"","overlay-gradient":""}},"footnotes":""},"uagb_featured_image_src":{"full":false,"thumbnail":false,"medium":false,"medium_large":false,"large":false,"1536x1536":false,"2048x2048":false,"trp-custom-language-flag":false},"uagb_author_info":{"display_name":"transparenciasostenida.org","author_link":"https:\/\/transparenciasostenida.org\/en\/author\/navajowhite-jellyfish-329786-hostingersite-com\/"},"uagb_comment_info":0,"uagb_excerpt":"Corrupci\u00f3n Institucional VINCULACI\u00d3N DEL DERECHO Y LA LITERATURA \u00cdNDICE CORRUPCI\u00d3N JUDICIAL \u00cdNDICE METODOLOG\u00cdA PARA EL EXAMEN DE CASOS REALES DE CORRUPCI\u00d3N \u00cdNDICE EXAMEN DE CASOS REALES DE CORRUPCI\u00d3N Y SUS PRINCIPALES ACTORES EL IMSS DEFRAUDA A SUS DERECHOHABIETES \u00cdNDICE","_links":{"self":[{"href":"https:\/\/transparenciasostenida.org\/en\/wp-json\/wp\/v2\/pages\/782"}],"collection":[{"href":"https:\/\/transparenciasostenida.org\/en\/wp-json\/wp\/v2\/pages"}],"about":[{"href":"https:\/\/transparenciasostenida.org\/en\/wp-json\/wp\/v2\/types\/page"}],"author":[{"embeddable":true,"href":"https:\/\/transparenciasostenida.org\/en\/wp-json\/wp\/v2\/users\/1"}],"replies":[{"embeddable":true,"href":"https:\/\/transparenciasostenida.org\/en\/wp-json\/wp\/v2\/comments?post=782"}],"version-history":[{"count":39,"href":"https:\/\/transparenciasostenida.org\/en\/wp-json\/wp\/v2\/pages\/782\/revisions"}],"predecessor-version":[{"id":1272,"href":"https:\/\/transparenciasostenida.org\/en\/wp-json\/wp\/v2\/pages\/782\/revisions\/1272"}],"wp:attachment":[{"href":"https:\/\/transparenciasostenida.org\/en\/wp-json\/wp\/v2\/media?parent=782"}],"curies":[{"name":"wp","href":"https:\/\/api.w.org\/{rel}","templated":true}]}}