{"id":1373,"date":"2024-07-17T10:57:36","date_gmt":"2024-07-17T16:57:36","guid":{"rendered":"https:\/\/transparenciasostenida.org\/?page_id=1373"},"modified":"2024-07-17T11:12:10","modified_gmt":"2024-07-17T17:12:10","slug":"revoluciones-politicas-y-sociales","status":"publish","type":"page","link":"https:\/\/transparenciasostenida.org\/en\/revoluciones-politicas-y-sociales\/","title":{"rendered":"Revoluciones pol\u00edticas y sociales"},"content":{"rendered":"<div class=\"wp-block-uagb-container uagb-block-99e2be8c alignfull uagb-is-root-container\"><div class=\"uagb-container-inner-blocks-wrap\">\n<div class=\"wp-block-columns is-layout-flex wp-container-core-columns-is-layout-2 wp-block-columns-is-layout-flex\">\n<div class=\"wp-block-column is-layout-flow wp-block-column-is-layout-flow\">\n<div class=\"wp-block-columns is-layout-flex wp-container-core-columns-is-layout-1 wp-block-columns-is-layout-flex\">\n<div class=\"wp-block-column is-layout-flow wp-block-column-is-layout-flow\" style=\"flex-basis:33.33%\">\n<div class=\"wp-block-uagb-image aligncenter uagb-block-74924800 wp-block-uagb-image--layout-default wp-block-uagb-image--effect-static wp-block-uagb-image--align-center\"><figure class=\"wp-block-uagb-image__figure\"><img decoding=\"async\" srcset=\"https:\/\/transparenciasostenida.org\/wp-content\/uploads\/2024\/05\/LOGO-CABECERA-JPG.jpg ,https:\/\/transparenciasostenida.org\/wp-content\/uploads\/2024\/05\/LOGO-CABECERA-JPG-300x165.jpg 780w, https:\/\/transparenciasostenida.org\/wp-content\/uploads\/2024\/05\/LOGO-CABECERA-JPG-300x165.jpg 360w\" sizes=\"(max-width: 480px) 150px\" src=\"https:\/\/transparenciasostenida.org\/wp-content\/uploads\/2024\/05\/LOGO-CABECERA-JPG.jpg\" alt=\"\" class=\"uag-image-810\" width=\"866\" height=\"484\" title=\"LOGO CABECERA JPG\" loading=\"lazy\" role=\"img\"\/><\/figure><\/div>\n<\/div>\n\n\n\n<div class=\"wp-block-column is-vertically-aligned-center is-layout-flow wp-block-column-is-layout-flow\" style=\"flex-basis:66.66%\">\n<div class=\"wp-block-uagb-advanced-heading uagb-block-180777a4\"><h2 class=\"uagb-heading-text\">Revoluciones pol\u00edticas y sociales<\/h2><\/div>\n<\/div>\n<\/div>\n<\/div>\n<\/div>\n<\/div><\/div>\n\n\n\n<div class=\"wp-block-uagb-container uagb-block-769b6847 alignfull uagb-is-root-container\"><div class=\"uagb-container-inner-blocks-wrap\">\n<div class=\"wp-block-uagb-advanced-heading uagb-block-49143d4d\"><h2 class=\"uagb-heading-text\">Ingresa en el tema de tu inter\u00e9s<\/h2><\/div>\n<\/div><\/div>\n\n\n\n<div class=\"wp-block-uagb-container uagb-block-5087a0fc alignwide uagb-is-root-container\">\n<div class=\"wp-block-uagb-container uagb-block-fb2f855e\">\n<div class=\"wp-block-uagb-image aligncenter uagb-block-cd524a15 wp-block-uagb-image--layout-default wp-block-uagb-image--effect-static wp-block-uagb-image--align-center\"><figure class=\"wp-block-uagb-image__figure\"><img decoding=\"async\" srcset=\"https:\/\/transparenciasostenida.org\/wp-content\/uploads\/2024\/07\/Carpeta-512.png ,https:\/\/transparenciasostenida.org\/wp-content\/uploads\/2024\/07\/Carpeta-512.png 780w, https:\/\/transparenciasostenida.org\/wp-content\/uploads\/2024\/07\/Carpeta-512.png 360w\" sizes=\"(max-width: 480px) 150px\" src=\"https:\/\/transparenciasostenida.org\/wp-content\/uploads\/2024\/07\/Carpeta-512.png\" alt=\"\" class=\"uag-image-1299\" width=\"129\" height=\"86\" title=\"Carpeta 512\" loading=\"lazy\" role=\"img\"\/><\/figure><\/div>\n<\/div>\n\n\n\n<div class=\"wp-block-uagb-container uagb-block-24813200\">\n<div class=\"wp-block-uagb-advanced-heading uagb-block-fdbdc93c\"><h2 class=\"uagb-heading-text\">Franklin<\/h2><\/div>\n<\/div>\n\n\n\n<div class=\"wp-block-uagb-container uagb-block-4ca47489\">\n<div class=\"wp-block-uagb-buttons uagb-buttons__outer-wrap uagb-btn__default-btn uagb-btn-tablet__default-btn uagb-btn-mobile__small-btn uagb-block-c26a3f39\"><div class=\"uagb-buttons__wrap uagb-buttons-layout-wrap\">\n<div class=\"wp-block-uagb-buttons-child uagb-buttons__outer-wrap uagb-block-823889e8 wp-block-button\"><div class=\"uagb-button__wrapper\"><a class=\"uagb-buttons-repeater wp-block-button__link\" aria-label=\"\" href=\"#\" rel=\"follow noopener\" target=\"_self\"><div class=\"uagb-button__link\">Ingresar<\/div><\/a><\/div><\/div>\n<\/div><\/div>\n<\/div>\n<\/div>\n\n\n\n<div class=\"wp-block-uagb-container uagb-block-c74c4138 alignwide uagb-is-root-container\">\n<div class=\"wp-block-uagb-container uagb-block-3656d46f\">\n<div class=\"wp-block-uagb-image aligncenter uagb-block-fd81f38a wp-block-uagb-image--layout-default wp-block-uagb-image--effect-static wp-block-uagb-image--align-center\"><figure class=\"wp-block-uagb-image__figure\"><img decoding=\"async\" srcset=\"https:\/\/transparenciasostenida.org\/wp-content\/uploads\/2024\/07\/Carpeta-512.png ,https:\/\/transparenciasostenida.org\/wp-content\/uploads\/2024\/07\/Carpeta-512.png 780w, https:\/\/transparenciasostenida.org\/wp-content\/uploads\/2024\/07\/Carpeta-512.png 360w\" sizes=\"(max-width: 480px) 150px\" src=\"https:\/\/transparenciasostenida.org\/wp-content\/uploads\/2024\/07\/Carpeta-512.png\" alt=\"\" class=\"uag-image-1299\" width=\"129\" height=\"86\" title=\"Carpeta 512\" loading=\"lazy\" role=\"img\"\/><\/figure><\/div>\n<\/div>\n\n\n\n<div class=\"wp-block-uagb-container uagb-block-6d53feb4\">\n<div class=\"wp-block-uagb-advanced-heading uagb-block-cbbaa28f\"><h2 class=\"uagb-heading-text\">Jefferson<\/h2><\/div>\n<\/div>\n\n\n\n<div class=\"wp-block-uagb-container uagb-block-88a4b4b4\">\n<div class=\"wp-block-uagb-buttons uagb-buttons__outer-wrap uagb-btn__default-btn uagb-btn-tablet__default-btn uagb-btn-mobile__small-btn uagb-block-2efcf065\"><div class=\"uagb-buttons__wrap uagb-buttons-layout-wrap\">\n<div class=\"wp-block-uagb-buttons-child uagb-buttons__outer-wrap uagb-block-27f97658 wp-block-button\"><div class=\"uagb-button__wrapper\"><a class=\"uagb-buttons-repeater wp-block-button__link\" aria-label=\"\" href=\"#\" rel=\"follow noopener\" target=\"_self\"><div class=\"uagb-button__link\">Ingresar<\/div><\/a><\/div><\/div>\n<\/div><\/div>\n<\/div>\n<\/div>\n\n\n\n<div class=\"wp-block-uagb-container uagb-block-94f22f72 alignwide uagb-is-root-container\">\n<div class=\"wp-block-uagb-container uagb-block-f2a6c764\">\n<div class=\"wp-block-uagb-image aligncenter uagb-block-67a737e4 wp-block-uagb-image--layout-default wp-block-uagb-image--effect-static wp-block-uagb-image--align-center\"><figure class=\"wp-block-uagb-image__figure\"><img decoding=\"async\" srcset=\"https:\/\/transparenciasostenida.org\/wp-content\/uploads\/2024\/07\/Carpeta-512.png ,https:\/\/transparenciasostenida.org\/wp-content\/uploads\/2024\/07\/Carpeta-512.png 780w, https:\/\/transparenciasostenida.org\/wp-content\/uploads\/2024\/07\/Carpeta-512.png 360w\" sizes=\"(max-width: 480px) 150px\" src=\"https:\/\/transparenciasostenida.org\/wp-content\/uploads\/2024\/07\/Carpeta-512.png\" alt=\"\" class=\"uag-image-1299\" width=\"129\" height=\"86\" title=\"Carpeta 512\" loading=\"lazy\" role=\"img\"\/><\/figure><\/div>\n<\/div>\n\n\n\n<div class=\"wp-block-uagb-container uagb-block-d0b186ca\">\n<div class=\"wp-block-uagb-advanced-heading uagb-block-c31d26ee\"><h2 class=\"uagb-heading-text\">Lincoln<\/h2><\/div>\n<\/div>\n\n\n\n<div class=\"wp-block-uagb-container uagb-block-c8f410d2\">\n<div class=\"wp-block-uagb-buttons uagb-buttons__outer-wrap uagb-btn__default-btn uagb-btn-tablet__default-btn uagb-btn-mobile__small-btn uagb-block-b9f79fda\"><div class=\"uagb-buttons__wrap uagb-buttons-layout-wrap\">\n<div class=\"wp-block-uagb-buttons-child uagb-buttons__outer-wrap uagb-block-dd05a395 wp-block-button\"><div class=\"uagb-button__wrapper\"><a class=\"uagb-buttons-repeater wp-block-button__link\" aria-label=\"\" href=\"#\" rel=\"follow noopener\" target=\"_self\"><div class=\"uagb-button__link\">Ingresar<\/div><\/a><\/div><\/div>\n<\/div><\/div>\n<\/div>\n<\/div>\n\n\n\n<div class=\"wp-block-uagb-container uagb-block-9e02c910 alignwide uagb-is-root-container\">\n<div class=\"wp-block-uagb-container uagb-block-e7deefd5\">\n<div class=\"wp-block-uagb-image aligncenter uagb-block-c52e0ef7 wp-block-uagb-image--layout-default wp-block-uagb-image--effect-static wp-block-uagb-image--align-center\"><figure class=\"wp-block-uagb-image__figure\"><img decoding=\"async\" srcset=\"https:\/\/transparenciasostenida.org\/wp-content\/uploads\/2024\/07\/Carpeta-512.png ,https:\/\/transparenciasostenida.org\/wp-content\/uploads\/2024\/07\/Carpeta-512.png 780w, https:\/\/transparenciasostenida.org\/wp-content\/uploads\/2024\/07\/Carpeta-512.png 360w\" sizes=\"(max-width: 480px) 150px\" src=\"https:\/\/transparenciasostenida.org\/wp-content\/uploads\/2024\/07\/Carpeta-512.png\" alt=\"\" class=\"uag-image-1299\" width=\"129\" height=\"86\" title=\"Carpeta 512\" loading=\"lazy\" role=\"img\"\/><\/figure><\/div>\n<\/div>\n\n\n\n<div class=\"wp-block-uagb-container uagb-block-821e5cfa\">\n<div class=\"wp-block-uagb-advanced-heading uagb-block-32829cde\"><h2 class=\"uagb-heading-text\">Locke<\/h2><\/div>\n<\/div>\n\n\n\n<div class=\"wp-block-uagb-container uagb-block-0eb7132b\">\n<div class=\"wp-block-uagb-buttons uagb-buttons__outer-wrap uagb-btn__default-btn uagb-btn-tablet__default-btn uagb-btn-mobile__small-btn uagb-block-35f2b1a1\"><div class=\"uagb-buttons__wrap uagb-buttons-layout-wrap\">\n<div class=\"wp-block-uagb-buttons-child uagb-buttons__outer-wrap uagb-block-f7829e9c wp-block-button\"><div class=\"uagb-button__wrapper\"><a class=\"uagb-buttons-repeater wp-block-button__link\" aria-label=\"\" href=\"#\" rel=\"follow noopener\" target=\"_self\"><div class=\"uagb-button__link\">Ingresar<\/div><\/a><\/div><\/div>\n<\/div><\/div>\n<\/div>\n<\/div>\n\n\n\n<div class=\"wp-block-uagb-container uagb-block-be152676 alignwide uagb-is-root-container\">\n<div class=\"wp-block-uagb-container uagb-block-a3c8b9a6\">\n<div class=\"wp-block-uagb-image aligncenter uagb-block-0c00718d wp-block-uagb-image--layout-default wp-block-uagb-image--effect-static wp-block-uagb-image--align-center\"><figure class=\"wp-block-uagb-image__figure\"><img decoding=\"async\" srcset=\"https:\/\/transparenciasostenida.org\/wp-content\/uploads\/2024\/07\/Carpeta-512.png ,https:\/\/transparenciasostenida.org\/wp-content\/uploads\/2024\/07\/Carpeta-512.png 780w, https:\/\/transparenciasostenida.org\/wp-content\/uploads\/2024\/07\/Carpeta-512.png 360w\" sizes=\"(max-width: 480px) 150px\" src=\"https:\/\/transparenciasostenida.org\/wp-content\/uploads\/2024\/07\/Carpeta-512.png\" alt=\"\" class=\"uag-image-1299\" width=\"129\" height=\"86\" title=\"Carpeta 512\" loading=\"lazy\" role=\"img\"\/><\/figure><\/div>\n<\/div>\n\n\n\n<div class=\"wp-block-uagb-container uagb-block-034820fa\">\n<div class=\"wp-block-uagb-advanced-heading uagb-block-e4148f3f\"><h2 class=\"uagb-heading-text\">Ilustraci\u00f3n Francesa<\/h2><\/div>\n<\/div>\n\n\n\n<div class=\"wp-block-uagb-container uagb-block-fd834e81\">\n<div class=\"wp-block-uagb-buttons uagb-buttons__outer-wrap uagb-btn__default-btn uagb-btn-tablet__default-btn uagb-btn-mobile__small-btn uagb-block-da7e6e2f\"><div class=\"uagb-buttons__wrap uagb-buttons-layout-wrap\">\n<div class=\"wp-block-uagb-buttons-child uagb-buttons__outer-wrap uagb-block-51305496 wp-block-button\"><div class=\"uagb-button__wrapper\"><a class=\"uagb-buttons-repeater wp-block-button__link\" aria-label=\"\" href=\"https:\/\/transparenciasostenida.org\/en\/filosofia\/\" rel=\"follow noopener\" target=\"_self\"><div class=\"uagb-button__link\">Ingresar<\/div><\/a><\/div><\/div>\n<\/div><\/div>\n<\/div>\n<\/div>\n\n\n\n<div class=\"wp-block-uagb-container uagb-block-97b2ef5d alignwide uagb-is-root-container\">\n<div class=\"wp-block-uagb-container uagb-block-65c4e984\">\n<div class=\"wp-block-uagb-image aligncenter uagb-block-66786924 wp-block-uagb-image--layout-default wp-block-uagb-image--effect-static wp-block-uagb-image--align-center\"><figure class=\"wp-block-uagb-image__figure\"><img decoding=\"async\" srcset=\"https:\/\/transparenciasostenida.org\/wp-content\/uploads\/2024\/07\/Carpeta-512.png ,https:\/\/transparenciasostenida.org\/wp-content\/uploads\/2024\/07\/Carpeta-512.png 780w, https:\/\/transparenciasostenida.org\/wp-content\/uploads\/2024\/07\/Carpeta-512.png 360w\" sizes=\"(max-width: 480px) 150px\" src=\"https:\/\/transparenciasostenida.org\/wp-content\/uploads\/2024\/07\/Carpeta-512.png\" alt=\"\" class=\"uag-image-1299\" width=\"129\" height=\"86\" title=\"Carpeta 512\" loading=\"lazy\" role=\"img\"\/><\/figure><\/div>\n<\/div>\n\n\n\n<div class=\"wp-block-uagb-container uagb-block-c1edba64\">\n<div class=\"wp-block-uagb-advanced-heading uagb-block-a17b2a51\"><h2 class=\"uagb-heading-text\">Napole\u00f3n<\/h2><\/div>\n<\/div>\n\n\n\n<div class=\"wp-block-uagb-container uagb-block-047b61c6\">\n<div class=\"wp-block-uagb-buttons uagb-buttons__outer-wrap uagb-btn__default-btn uagb-btn-tablet__default-btn uagb-btn-mobile__small-btn uagb-block-8e67c828\"><div class=\"uagb-buttons__wrap uagb-buttons-layout-wrap\">\n<div class=\"wp-block-uagb-buttons-child uagb-buttons__outer-wrap uagb-block-8476392c wp-block-button\"><div class=\"uagb-button__wrapper\"><a class=\"uagb-buttons-repeater wp-block-button__link\" aria-label=\"\" href=\"#\" rel=\"follow noopener\" target=\"_self\"><div class=\"uagb-button__link\">Ingresar<\/div><\/a><\/div><\/div>\n<\/div><\/div>\n<\/div>\n<\/div>\n\n\n\n<div class=\"wp-block-uagb-container uagb-block-000b9d27 alignwide uagb-is-root-container\">\n<div class=\"wp-block-uagb-container uagb-block-907b72aa\">\n<div class=\"wp-block-uagb-image aligncenter uagb-block-56f3af72 wp-block-uagb-image--layout-default wp-block-uagb-image--effect-static wp-block-uagb-image--align-center\"><figure class=\"wp-block-uagb-image__figure\"><img decoding=\"async\" srcset=\"https:\/\/transparenciasostenida.org\/wp-content\/uploads\/2024\/07\/Carpeta-512.png ,https:\/\/transparenciasostenida.org\/wp-content\/uploads\/2024\/07\/Carpeta-512.png 780w, https:\/\/transparenciasostenida.org\/wp-content\/uploads\/2024\/07\/Carpeta-512.png 360w\" sizes=\"(max-width: 480px) 150px\" src=\"https:\/\/transparenciasostenida.org\/wp-content\/uploads\/2024\/07\/Carpeta-512.png\" alt=\"\" class=\"uag-image-1299\" width=\"129\" height=\"86\" title=\"Carpeta 512\" loading=\"lazy\" role=\"img\"\/><\/figure><\/div>\n<\/div>\n\n\n\n<div class=\"wp-block-uagb-container uagb-block-aef055bc\">\n<div class=\"wp-block-uagb-advanced-heading uagb-block-4d78867b\"><h2 class=\"uagb-heading-text\">Revoluci\u00f3n gloriosa en Inglaterra<\/h2><\/div>\n<\/div>\n\n\n\n<div class=\"wp-block-uagb-container uagb-block-179cdbfe\">\n<div class=\"wp-block-uagb-buttons uagb-buttons__outer-wrap uagb-btn__default-btn uagb-btn-tablet__default-btn uagb-btn-mobile__small-btn uagb-block-f1179e1e\"><div class=\"uagb-buttons__wrap uagb-buttons-layout-wrap\">\n<div class=\"wp-block-uagb-buttons-child uagb-buttons__outer-wrap uagb-block-6fb108e7 wp-block-button\"><div class=\"uagb-button__wrapper\"><a class=\"uagb-buttons-repeater wp-block-button__link\" aria-label=\"\" href=\"#\" rel=\"follow noopener\" target=\"_self\"><div class=\"uagb-button__link\">Ingresar<\/div><\/a><\/div><\/div>\n<\/div><\/div>\n<\/div>\n<\/div>\n\n\n\n<div class=\"wp-block-uagb-container uagb-block-aa5d13f4 alignwide uagb-is-root-container\">\n<div class=\"wp-block-uagb-container uagb-block-dde23f3e\">\n<div class=\"wp-block-uagb-image aligncenter uagb-block-0be5003d wp-block-uagb-image--layout-default wp-block-uagb-image--effect-static wp-block-uagb-image--align-center\"><figure class=\"wp-block-uagb-image__figure\"><img decoding=\"async\" srcset=\"https:\/\/transparenciasostenida.org\/wp-content\/uploads\/2024\/07\/Carpeta-512.png ,https:\/\/transparenciasostenida.org\/wp-content\/uploads\/2024\/07\/Carpeta-512.png 780w, https:\/\/transparenciasostenida.org\/wp-content\/uploads\/2024\/07\/Carpeta-512.png 360w\" sizes=\"(max-width: 480px) 150px\" src=\"https:\/\/transparenciasostenida.org\/wp-content\/uploads\/2024\/07\/Carpeta-512.png\" alt=\"\" class=\"uag-image-1299\" width=\"129\" height=\"86\" title=\"Carpeta 512\" loading=\"lazy\" role=\"img\"\/><\/figure><\/div>\n<\/div>\n\n\n\n<div class=\"wp-block-uagb-container uagb-block-75a3fea5\">\n<div class=\"wp-block-uagb-advanced-heading uagb-block-92be4902\"><h2 class=\"uagb-heading-text\">Revoluci\u00f3n gloriosa en Alemania<\/h2><\/div>\n<\/div>\n\n\n\n<div class=\"wp-block-uagb-container uagb-block-77b3cc26\">\n<div class=\"wp-block-uagb-buttons uagb-buttons__outer-wrap uagb-btn__default-btn uagb-btn-tablet__default-btn uagb-btn-mobile__small-btn uagb-block-71e09582\"><div class=\"uagb-buttons__wrap uagb-buttons-layout-wrap\">\n<div class=\"wp-block-uagb-buttons-child uagb-buttons__outer-wrap uagb-block-1cc4d3b2 wp-block-button\"><div class=\"uagb-button__wrapper\"><a class=\"uagb-buttons-repeater wp-block-button__link\" aria-label=\"\" href=\"#\" rel=\"follow noopener\" target=\"_self\"><div class=\"uagb-button__link\">Ingresar<\/div><\/a><\/div><\/div>\n<\/div><\/div>\n<\/div>\n<\/div>\n\n\n\n<div class=\"wp-block-uagb-container uagb-block-f1fbb029 alignwide uagb-is-root-container\">\n<div class=\"wp-block-uagb-container uagb-block-aeb60cd7\">\n<div class=\"wp-block-uagb-image aligncenter uagb-block-abd8dac8 wp-block-uagb-image--layout-default wp-block-uagb-image--effect-static wp-block-uagb-image--align-center\"><figure class=\"wp-block-uagb-image__figure\"><img decoding=\"async\" srcset=\"https:\/\/transparenciasostenida.org\/wp-content\/uploads\/2024\/07\/Carpeta-512.png ,https:\/\/transparenciasostenida.org\/wp-content\/uploads\/2024\/07\/Carpeta-512.png 780w, https:\/\/transparenciasostenida.org\/wp-content\/uploads\/2024\/07\/Carpeta-512.png 360w\" sizes=\"(max-width: 480px) 150px\" src=\"https:\/\/transparenciasostenida.org\/wp-content\/uploads\/2024\/07\/Carpeta-512.png\" alt=\"\" class=\"uag-image-1299\" width=\"129\" height=\"86\" title=\"Carpeta 512\" loading=\"lazy\" role=\"img\"\/><\/figure><\/div>\n<\/div>\n\n\n\n<div class=\"wp-block-uagb-container uagb-block-17d22d89\">\n<div class=\"wp-block-uagb-advanced-heading uagb-block-3957e4f1\"><h2 class=\"uagb-heading-text\">Revoluci\u00f3n gloriosa en Rusia<\/h2><\/div>\n<\/div>\n\n\n\n<div class=\"wp-block-uagb-container uagb-block-6a4ceee6\">\n<div class=\"wp-block-uagb-buttons uagb-buttons__outer-wrap uagb-btn__default-btn uagb-btn-tablet__default-btn uagb-btn-mobile__small-btn uagb-block-143ec09a\"><div class=\"uagb-buttons__wrap uagb-buttons-layout-wrap\">\n<div class=\"wp-block-uagb-buttons-child uagb-buttons__outer-wrap uagb-block-4e9c55f9 wp-block-button\"><div class=\"uagb-button__wrapper\"><a class=\"uagb-buttons-repeater wp-block-button__link\" aria-label=\"\" href=\"#\" rel=\"follow noopener\" target=\"_self\"><div class=\"uagb-button__link\">Ingresar<\/div><\/a><\/div><\/div>\n<\/div><\/div>\n<\/div>\n<\/div>\n\n\n\n<div class=\"wp-block-uagb-container uagb-block-8874a587 alignwide uagb-is-root-container\">\n<div class=\"wp-block-uagb-container uagb-block-e1bfa5de\">\n<div class=\"wp-block-uagb-image aligncenter uagb-block-60903a3b wp-block-uagb-image--layout-default wp-block-uagb-image--effect-static wp-block-uagb-image--align-center\"><figure class=\"wp-block-uagb-image__figure\"><img decoding=\"async\" srcset=\"https:\/\/transparenciasostenida.org\/wp-content\/uploads\/2024\/07\/Carpeta-512.png ,https:\/\/transparenciasostenida.org\/wp-content\/uploads\/2024\/07\/Carpeta-512.png 780w, https:\/\/transparenciasostenida.org\/wp-content\/uploads\/2024\/07\/Carpeta-512.png 360w\" sizes=\"(max-width: 480px) 150px\" src=\"https:\/\/transparenciasostenida.org\/wp-content\/uploads\/2024\/07\/Carpeta-512.png\" alt=\"\" class=\"uag-image-1299\" width=\"129\" height=\"86\" title=\"Carpeta 512\" loading=\"lazy\" role=\"img\"\/><\/figure><\/div>\n<\/div>\n\n\n\n<div class=\"wp-block-uagb-container uagb-block-28c6374f\">\n<div class=\"wp-block-uagb-advanced-heading uagb-block-ae1236f9\"><h2 class=\"uagb-heading-text\">Revoluciones pol\u00edticas y sociales<\/h2><\/div>\n<\/div>\n\n\n\n<div class=\"wp-block-uagb-container uagb-block-76f25a5e\">\n<div class=\"wp-block-uagb-buttons uagb-buttons__outer-wrap uagb-btn__default-btn uagb-btn-tablet__default-btn uagb-btn-mobile__small-btn uagb-block-365f5f5f\"><div class=\"uagb-buttons__wrap uagb-buttons-layout-wrap\">\n<div class=\"wp-block-uagb-buttons-child uagb-buttons__outer-wrap uagb-block-4832f1ea wp-block-button\"><div class=\"uagb-button__wrapper\"><a class=\"uagb-buttons-repeater wp-block-button__link\" aria-label=\"\" href=\"#\" rel=\"follow noopener\" target=\"_self\"><div class=\"uagb-button__link\">Ingresar<\/div><\/a><\/div><\/div>\n<\/div><\/div>\n<\/div>\n<\/div>\n\n\n\n<div class=\"wp-block-uagb-container uagb-block-498090ba alignwide uagb-is-root-container\">\n<div class=\"wp-block-uagb-container uagb-block-56cc24d8\">\n<div class=\"wp-block-uagb-image aligncenter uagb-block-614c28c9 wp-block-uagb-image--layout-default wp-block-uagb-image--effect-static wp-block-uagb-image--align-center\"><figure class=\"wp-block-uagb-image__figure\"><img decoding=\"async\" srcset=\"https:\/\/transparenciasostenida.org\/wp-content\/uploads\/2024\/07\/Carpeta-512.png ,https:\/\/transparenciasostenida.org\/wp-content\/uploads\/2024\/07\/Carpeta-512.png 780w, https:\/\/transparenciasostenida.org\/wp-content\/uploads\/2024\/07\/Carpeta-512.png 360w\" sizes=\"(max-width: 480px) 150px\" src=\"https:\/\/transparenciasostenida.org\/wp-content\/uploads\/2024\/07\/Carpeta-512.png\" alt=\"\" class=\"uag-image-1299\" width=\"129\" height=\"86\" title=\"Carpeta 512\" loading=\"lazy\" role=\"img\"\/><\/figure><\/div>\n<\/div>\n\n\n\n<div class=\"wp-block-uagb-container uagb-block-32696090\">\n<div class=\"wp-block-uagb-advanced-heading uagb-block-4e170c0d\"><h2 class=\"uagb-heading-text\">Singapur<\/h2><\/div>\n<\/div>\n\n\n\n<div class=\"wp-block-uagb-container uagb-block-5a073341\">\n<div class=\"wp-block-uagb-buttons uagb-buttons__outer-wrap uagb-btn__default-btn uagb-btn-tablet__default-btn uagb-btn-mobile__small-btn uagb-block-ff2f3e77\"><div class=\"uagb-buttons__wrap uagb-buttons-layout-wrap\">\n<div class=\"wp-block-uagb-buttons-child uagb-buttons__outer-wrap uagb-block-c1cc44f1 wp-block-button\"><div class=\"uagb-button__wrapper\"><a class=\"uagb-buttons-repeater wp-block-button__link\" aria-label=\"\" href=\"#\" rel=\"follow noopener\" target=\"_self\"><div class=\"uagb-button__link\">Ingresar<\/div><\/a><\/div><\/div>\n<\/div><\/div>\n<\/div>\n<\/div>","protected":false},"excerpt":{"rendered":"<p>Revoluciones pol\u00edticas y sociales Ingresa en el tema de tu inter\u00e9s Franklin Jefferson Lincoln Locke Ilustraci\u00f3n Francesa Napole\u00f3n Revoluci\u00f3n gloriosa en Inglaterra Revoluci\u00f3n gloriosa en Alemania Revoluci\u00f3n gloriosa en Rusia Revoluciones pol\u00edticas y sociales Singapur<\/p>","protected":false},"author":1,"featured_media":0,"parent":0,"menu_order":0,"comment_status":"closed","ping_status":"closed","template":"","meta":{"_uag_custom_page_level_css":"","site-sidebar-layout":"no-sidebar","site-content-layout":"plain-container","ast-site-content-layout":"normal-width-container","site-content-style":"unboxed","site-sidebar-style":"unboxed","ast-global-header-display":"","ast-banner-title-visibility":"","ast-main-header-display":"","ast-hfb-above-header-display":"","ast-hfb-below-header-display":"","ast-hfb-mobile-header-display":"","site-post-title":"disabled","ast-breadcrumbs-content":"","ast-featured-img":"","footer-sml-layout":"","theme-transparent-header-meta":"enabled","adv-header-id-meta":"","stick-header-meta":"","header-above-stick-meta":"","header-main-stick-meta":"","header-below-stick-meta":"","astra-migrate-meta-layouts":"set","ast-page-background-enabled":"default","ast-page-background-meta":{"desktop":{"background-color":"var(--ast-global-color-4)","background-image":"","background-repeat":"repeat","background-position":"center center","background-size":"auto","background-attachment":"scroll","background-type":"","background-media":"","overlay-type":"","overlay-color":"","overlay-opacity":"","overlay-gradient":""},"tablet":{"background-color":"","background-image":"","background-repeat":"repeat","background-position":"center center","background-size":"auto","background-attachment":"scroll","background-type":"","background-media":"","overlay-type":"","overlay-color":"","overlay-opacity":"","overlay-gradient":""},"mobile":{"background-color":"","background-image":"","background-repeat":"repeat","background-position":"center center","background-size":"auto","background-attachment":"scroll","background-type":"","background-media":"","overlay-type":"","overlay-color":"","overlay-opacity":"","overlay-gradient":""}},"ast-content-background-meta":{"desktop":{"background-color":"var(--ast-global-color-5)","background-image":"","background-repeat":"repeat","background-position":"center center","background-size":"auto","background-attachment":"scroll","background-type":"","background-media":"","overlay-type":"","overlay-color":"","overlay-opacity":"","overlay-gradient":""},"tablet":{"background-color":"var(--ast-global-color-5)","background-image":"","background-repeat":"repeat","background-position":"center center","background-size":"auto","background-attachment":"scroll","background-type":"","background-media":"","overlay-type":"","overlay-color":"","overlay-opacity":"","overlay-gradient":""},"mobile":{"background-color":"var(--ast-global-color-5)","background-image":"","background-repeat":"repeat","background-position":"center center","background-size":"auto","background-attachment":"scroll","background-type":"","background-media":"","overlay-type":"","overlay-color":"","overlay-opacity":"","overlay-gradient":""}},"footnotes":""},"uagb_featured_image_src":{"full":false,"thumbnail":false,"medium":false,"medium_large":false,"large":false,"1536x1536":false,"2048x2048":false,"trp-custom-language-flag":false},"uagb_author_info":{"display_name":"transparenciasostenida.org","author_link":"https:\/\/transparenciasostenida.org\/en\/author\/navajowhite-jellyfish-329786-hostingersite-com\/"},"uagb_comment_info":0,"uagb_excerpt":"Revoluciones pol\u00edticas y sociales Ingresa en el tema de tu inter\u00e9s Franklin Jefferson Lincoln Locke Ilustraci\u00f3n Francesa Napole\u00f3n Revoluci\u00f3n gloriosa en Inglaterra Revoluci\u00f3n gloriosa en Alemania Revoluci\u00f3n gloriosa en Rusia Revoluciones pol\u00edticas y sociales Singapur","_links":{"self":[{"href":"https:\/\/transparenciasostenida.org\/en\/wp-json\/wp\/v2\/pages\/1373"}],"collection":[{"href":"https:\/\/transparenciasostenida.org\/en\/wp-json\/wp\/v2\/pages"}],"about":[{"href":"https:\/\/transparenciasostenida.org\/en\/wp-json\/wp\/v2\/types\/page"}],"author":[{"embeddable":true,"href":"https:\/\/transparenciasostenida.org\/en\/wp-json\/wp\/v2\/users\/1"}],"replies":[{"embeddable":true,"href":"https:\/\/transparenciasostenida.org\/en\/wp-json\/wp\/v2\/comments?post=1373"}],"version-history":[{"count":3,"href":"https:\/\/transparenciasostenida.org\/en\/wp-json\/wp\/v2\/pages\/1373\/revisions"}],"predecessor-version":[{"id":1379,"href":"https:\/\/transparenciasostenida.org\/en\/wp-json\/wp\/v2\/pages\/1373\/revisions\/1379"}],"wp:attachment":[{"href":"https:\/\/transparenciasostenida.org\/en\/wp-json\/wp\/v2\/media?parent=1373"}],"curies":[{"name":"wp","href":"https:\/\/api.w.org\/{rel}","templated":true}]}}