{"id":11,"date":"2024-05-02T13:26:13","date_gmt":"2024-05-02T19:26:13","guid":{"rendered":"https:\/\/transparenciasostenida.org\/about\/"},"modified":"2024-06-21T16:32:48","modified_gmt":"2024-06-21T22:32:48","slug":"quienes-somos","status":"publish","type":"page","link":"https:\/\/transparenciasostenida.org\/en\/quienes-somos\/","title":{"rendered":"Qui\u00e9nes Somos"},"content":{"rendered":"<div class=\"wp-block-uagb-container uagb-block-30c64779 alignfull uagb-is-root-container\"><div class=\"uagb-container-inner-blocks-wrap\">\n<div class=\"wp-block-uagb-container uagb-block-fba4595c\">\n<div class=\"wp-block-columns is-layout-flex wp-container-core-columns-is-layout-1 wp-block-columns-is-layout-flex\">\n<div class=\"wp-block-column is-layout-flow wp-block-column-is-layout-flow\" style=\"flex-basis:33.33%\">\n<div class=\"wp-block-uagb-image aligncenter uagb-block-b4677213 wp-block-uagb-image--layout-default wp-block-uagb-image--effect-static wp-block-uagb-image--align-center\"><figure class=\"wp-block-uagb-image__figure\"><img decoding=\"async\" srcset=\"https:\/\/transparenciasostenida.org\/wp-content\/uploads\/2024\/05\/LOGO-CABECERA-JPG.jpg ,https:\/\/transparenciasostenida.org\/wp-content\/uploads\/2024\/05\/LOGO-CABECERA-JPG-300x165.jpg 780w, https:\/\/transparenciasostenida.org\/wp-content\/uploads\/2024\/05\/LOGO-CABECERA-JPG-300x165.jpg 360w\" sizes=\"(max-width: 480px) 150px\" src=\"https:\/\/transparenciasostenida.org\/wp-content\/uploads\/2024\/05\/LOGO-CABECERA-JPG.jpg\" alt=\"\" class=\"uag-image-810\" width=\"866\" height=\"484\" title=\"LOGO CABECERA JPG\" loading=\"lazy\" role=\"img\"\/><\/figure><\/div>\n<\/div>\n\n\n\n<div class=\"wp-block-column is-vertically-aligned-center is-layout-flow wp-block-column-is-layout-flow\" style=\"flex-basis:66.66%\">\n<div class=\"wp-block-uagb-advanced-heading uagb-block-eda2ea0e\"><h2 class=\"uagb-heading-text\">Acerca de Nosotros<\/h2><\/div>\n<\/div>\n<\/div>\n<\/div>\n<\/div><\/div>\n\n\n\n<div class=\"wp-block-uagb-container uagb-block-f00033aa alignfull uagb-is-root-container\"><div class=\"uagb-container-inner-blocks-wrap\">\n<div class=\"wp-block-uagb-info-box uagb-block-4021a160 uagb-infobox__content-wrap  uagb-infobox-icon-above-title uagb-infobox-image-valign-top wp-block-uagb-info-box--has-margin\"><div class=\"uagb-infobox-margin-wrapper\"><div class=\"uagb-ifb-content\"><div class=\"uagb-ifb-title-wrap\"><\/div><p class=\"uagb-ifb-desc\">Las organizaciones de la sociedad civil juegan un rol fundamental en la toma de conciencia sobre la importancia del efecto negativo de la corrupci\u00f3n en la vida cotidiana de las personas, sobre todo de los m\u00e1s pobres. Por ello, el 26 de julio de 2011, se constituy\u00f3 la entidad civil denominada: <strong>\u201cTransparencia Sostenida, A.C.\u201d<\/strong>, como una <strong>Asociaci\u00f3n Civil sin fines de lucro<\/strong>, aut\u00f3noma, con capacidad de adquirir los bienes necesarios, dirigida a promover la cultura, la transparencia y a prevenir y, en su caso, combatir la corrupci\u00f3n, consistiendo \u00e9sta, en un sentido amplio, como el abuso del poder para beneficio propio.<br>Teniendo como premisa el progreso de los individuos y de la sociedad, en Transparencia Sostenida, A.C. procuramos infundir compromisos anticorrupci\u00f3n, mediante literatura electr\u00f3nica gratuita sobre temas como: cultura y arte, justicia social, participaci\u00f3n ciudadana, democracia, educaci\u00f3n con valores c\u00edvicos y \u00e9ticos, prevenci\u00f3n y combate a la corrupci\u00f3n, rendici\u00f3n de cuentas, transparencia e integridad.<\/p><\/div><\/div><\/div>\n<\/div><\/div>\n\n\n\n<div class=\"wp-block-uagb-container uagb-block-7545642d alignfull uagb-is-root-container\"><div class=\"uagb-container-inner-blocks-wrap\">\n<div class=\"wp-block-uagb-info-box uagb-block-5789b1d9 uagb-infobox__content-wrap  uagb-infobox-icon-above-title uagb-infobox-image-valign-top\"><div class=\"uagb-ifb-content\"><div class=\"uagb-ifb-title-wrap\"><h3 class=\"uagb-ifb-title\">Antecedentes<\/h3><\/div><\/div><\/div>\n\n\n\n<div class=\"wp-block-uagb-icon-list uagb-block-cfc16f82\"><div class=\"uagb-icon-list__wrap\">\n<div class=\"wp-block-uagb-icon-list-child uagb-block-12a63d5c\"><span class=\"uagb-icon-list__source-wrap\"><svg xmlns=\"https:\/\/www.w3.org\/2000\/svg\" viewbox=\"0 0 448 512\"><path d=\"M438.6 105.4C451.1 117.9 451.1 138.1 438.6 150.6L182.6 406.6C170.1 419.1 149.9 419.1 137.4 406.6L9.372 278.6C-3.124 266.1-3.124 245.9 9.372 233.4C21.87 220.9 42.13 220.9 54.63 233.4L159.1 338.7L393.4 105.4C405.9 92.88 426.1 92.88 438.6 105.4H438.6z\"><\/path><\/svg><\/span><span class=\"uagb-icon-list__label\">El 26 de julio de 2011 constituimos la entidad civil denominada: \u201cTransparencia Sostenida, A. C.\u201d, la cual es una <strong>Asociaci\u00f3n Civil sin fines de lucro<\/strong>.<\/span><\/div>\n\n\n\n<div class=\"wp-block-uagb-icon-list-child uagb-block-b24f0941\"><span class=\"uagb-icon-list__source-wrap\"><svg xmlns=\"https:\/\/www.w3.org\/2000\/svg\" viewbox=\"0 0 448 512\"><path d=\"M438.6 105.4C451.1 117.9 451.1 138.1 438.6 150.6L182.6 406.6C170.1 419.1 149.9 419.1 137.4 406.6L9.372 278.6C-3.124 266.1-3.124 245.9 9.372 233.4C21.87 220.9 42.13 220.9 54.63 233.4L159.1 338.7L393.4 105.4C405.9 92.88 426.1 92.88 438.6 105.4H438.6z\"><\/path><\/svg><\/span><span class=\"uagb-icon-list__label\">El 26 de febrero de 2019, la Comisi\u00f3n de Fomento de las Actividades de las Organizaciones de la Sociedad Civil nos expidi\u00f3 la <strong>Constancia de Inscripci\u00f3n al Registro Federal de las Organizaciones de la Sociedad Civil<\/strong>.<\/span><\/div>\n\n\n\n<div class=\"wp-block-uagb-icon-list-child uagb-block-d148c34a\"><span class=\"uagb-icon-list__source-wrap\"><svg xmlns=\"https:\/\/www.w3.org\/2000\/svg\" viewbox=\"0 0 448 512\"><path d=\"M438.6 105.4C451.1 117.9 451.1 138.1 438.6 150.6L182.6 406.6C170.1 419.1 149.9 419.1 137.4 406.6L9.372 278.6C-3.124 266.1-3.124 245.9 9.372 233.4C21.87 220.9 42.13 220.9 54.63 233.4L159.1 338.7L393.4 105.4C405.9 92.88 426.1 92.88 438.6 105.4H438.6z\"><\/path><\/svg><\/span><span class=\"uagb-icon-list__label\">El 21 de marzo de 2019, el Instituto Nacional de Bellas Artes y Literatura nos otorg\u00f3 la <strong>Constancia de Reconocimiento de Actividades Culturales<\/strong>, la cual nos fue renovada el 30 de marzo de 2022.<\/span><\/div>\n\n\n\n<div class=\"wp-block-uagb-icon-list-child uagb-block-54002957\"><span class=\"uagb-icon-list__source-wrap\"><svg xmlns=\"https:\/\/www.w3.org\/2000\/svg\" viewbox=\"0 0 448 512\"><path d=\"M438.6 105.4C451.1 117.9 451.1 138.1 438.6 150.6L182.6 406.6C170.1 419.1 149.9 419.1 137.4 406.6L9.372 278.6C-3.124 266.1-3.124 245.9 9.372 233.4C21.87 220.9 42.13 220.9 54.63 233.4L159.1 338.7L393.4 105.4C405.9 92.88 426.1 92.88 438.6 105.4H438.6z\"><\/path><\/svg><\/span><span class=\"uagb-icon-list__label\">El 02 de mayo de 2019, la Secretar\u00eda de Cultura nos otorg\u00f3 la <strong>Carta de Reconocimiento de Actividades Culturales<\/strong>, la cual nos fue renovada el 07 de abril del 2022.<\/span><\/div>\n\n\n\n<div class=\"wp-block-uagb-icon-list-child uagb-block-6d6efd1e\"><span class=\"uagb-icon-list__source-wrap\"><svg xmlns=\"https:\/\/www.w3.org\/2000\/svg\" viewbox=\"0 0 448 512\"><path d=\"M438.6 105.4C451.1 117.9 451.1 138.1 438.6 150.6L182.6 406.6C170.1 419.1 149.9 419.1 137.4 406.6L9.372 278.6C-3.124 266.1-3.124 245.9 9.372 233.4C21.87 220.9 42.13 220.9 54.63 233.4L159.1 338.7L393.4 105.4C405.9 92.88 426.1 92.88 438.6 105.4H438.6z\"><\/path><\/svg><\/span><span class=\"uagb-icon-list__label\">El 13 de agosto de 2019, el Servicio de Administraci\u00f3n Tributaria, nos emiti\u00f3 la <strong>Constancia de Autorizaci\u00f3n para recibir donativos deducibles<\/strong> en M\u00e9xico y del Extranjero.<\/span><\/div>\n<\/div><\/div>\n<\/div><\/div>\n\n\n\n<div class=\"wp-block-uagb-container uagb-block-7e492f16 alignfull uagb-is-root-container\"><div class=\"uagb-container-inner-blocks-wrap\">\n<div class=\"wp-block-uagb-container uagb-block-e651b1c7\">\n<div class=\"wp-block-uagb-info-box uagb-block-c162b76b uagb-infobox__content-wrap  uagb-infobox-icon-above-title uagb-infobox-image-valign-top\"><div class=\"uagb-ifb-content\"><div class=\"uagb-ifb-title-wrap\"><h2 class=\"uagb-ifb-title\">Misi\u00f3n<\/h2><\/div><p class=\"uagb-ifb-desc\">Elaboraci\u00f3n, edici\u00f3n, publicaci\u00f3n y difusi\u00f3n de art\u00edculos y libros electr\u00f3nicos gratuitos sobre temas culturales, art\u00edsticos, literarios y de educaci\u00f3n integral que propicie la transparencia, democracia, integridad, prevenci\u00f3n de la corrupci\u00f3n y combate a la ya existente; para favorecer el florecimiento de la sociedad.<\/p><\/div><\/div>\n<\/div>\n<\/div><\/div>\n\n\n\n<div class=\"wp-block-uagb-container uagb-block-33bebd82 alignfull uagb-is-root-container\"><div class=\"uagb-container-inner-blocks-wrap\">\n<div class=\"wp-block-uagb-container uagb-block-698c7df3\">\n<div class=\"wp-block-uagb-info-box uagb-block-a865b0dc uagb-infobox__content-wrap  uagb-infobox-icon-above-title uagb-infobox-image-valign-top\"><div class=\"uagb-ifb-content\"><div class=\"uagb-ifb-title-wrap\"><h2 class=\"uagb-ifb-title\">Visi\u00f3n<\/h2><\/div><p class=\"uagb-ifb-desc\">Servir como mecanismo para el desarrollo integral de las personas y de la sociedad a trav\u00e9s de nuestras publicaciones culturales, art\u00edsticas, literarias, educativas con valores c\u00edvicos y \u00e9ticos, y sociales; impulsar medidas tendientes a lograr un desarrollo social m\u00e1s igualitario, m\u00e1s justo, m\u00e1s participativo, m\u00e1s pr\u00f3spero y solidario, as\u00ed como fomentando la toma de conciencia sobre la importancia del efecto negativo de la corrupci\u00f3n en la sociedad, para prevenirla y, en su caso, combatirla; y luchar en favor de una sociedad \u00e9tica, libre, creativa, emprendedora y productiva.<\/p><\/div><\/div>\n<\/div>\n<\/div><\/div>\n\n\n\n<div class=\"wp-block-uagb-container uagb-block-730612be alignfull uagb-is-root-container\"><div class=\"uagb-container-inner-blocks-wrap\">\n<div class=\"wp-block-uagb-container uagb-block-c7e2d352\">\n<div class=\"wp-block-uagb-info-box uagb-block-3393b205 uagb-infobox__content-wrap  uagb-infobox-icon-above-title uagb-infobox-image-valign-top\"><div class=\"uagb-ifb-content\"><div class=\"uagb-ifb-icon-wrap\"><svg xmlns=\"https:\/\/www.w3.org\/2000\/svg\" viewbox=\"0 0 576 512\"><path d=\"M55.1 56.04C55.1 42.78 66.74 32.04 79.1 32.04H111.1C125.3 32.04 135.1 42.78 135.1 56.04V176H151.1C165.3 176 175.1 186.8 175.1 200C175.1 213.3 165.3 224 151.1 224H71.1C58.74 224 47.1 213.3 47.1 200C47.1 186.8 58.74 176 71.1 176H87.1V80.04H79.1C66.74 80.04 55.1 69.29 55.1 56.04V56.04zM118.7 341.2C112.1 333.8 100.4 334.3 94.65 342.4L83.53 357.9C75.83 368.7 60.84 371.2 50.05 363.5C39.26 355.8 36.77 340.8 44.47 330.1L55.59 314.5C79.33 281.2 127.9 278.8 154.8 309.6C176.1 333.1 175.6 370.5 153.7 394.3L118.8 432H152C165.3 432 176 442.7 176 456C176 469.3 165.3 480 152 480H64C54.47 480 45.84 474.4 42.02 465.6C38.19 456.9 39.9 446.7 46.36 439.7L118.4 361.7C123.7 355.9 123.8 347.1 118.7 341.2L118.7 341.2zM512 64C529.7 64 544 78.33 544 96C544 113.7 529.7 128 512 128H256C238.3 128 224 113.7 224 96C224 78.33 238.3 64 256 64H512zM512 224C529.7 224 544 238.3 544 256C544 273.7 529.7 288 512 288H256C238.3 288 224 273.7 224 256C224 238.3 238.3 224 256 224H512zM512 384C529.7 384 544 398.3 544 416C544 433.7 529.7 448 512 448H256C238.3 448 224 433.7 224 416C224 398.3 238.3 384 256 384H512z\"><\/path><\/svg><\/div><div class=\"uagb-ifb-title-wrap\"><h2 class=\"uagb-ifb-title\">Principales objetivos<\/h2><\/div><div class=\"uagb-ifb-separator\"><\/div><\/div><\/div>\n\n\n\n<div class=\"wp-block-uagb-buttons uagb-buttons__outer-wrap uagb-btn__default-btn uagb-btn-tablet__default-btn uagb-btn-mobile__default-btn uagb-block-564ded89\"><div class=\"uagb-buttons__wrap uagb-buttons-layout-wrap\">\n<div class=\"wp-block-uagb-buttons-child uagb-buttons__outer-wrap uagb-block-62ba191a wp-block-button\"><div class=\"uagb-button__wrapper\"><a class=\"uagb-buttons-repeater wp-block-button__link\" aria-label=\"\" href=\"https:\/\/transparenciasostenida.org\/en\/objetivos\/\" rel=\"follow noopener\" target=\"_self\"><div class=\"uagb-button__link\">Leer m\u00e1s<\/div><span class=\"uagb-button__icon uagb-button__icon-position-after\"><svg xmlns=\"https:\/\/www.w3.org\/2000\/svg\" viewbox=\"0 0 448 512\" aria-hidden=\"true\" focussable=\"false\"><path d=\"M438.6 278.6l-160 160C272.4 444.9 264.2 448 256 448s-16.38-3.125-22.62-9.375c-12.5-12.5-12.5-32.75 0-45.25L338.8 288H32C14.33 288 .0016 273.7 .0016 256S14.33 224 32 224h306.8l-105.4-105.4c-12.5-12.5-12.5-32.75 0-45.25s32.75-12.5 45.25 0l160 160C451.1 245.9 451.1 266.1 438.6 278.6z\"><\/path><\/svg><\/span><\/a><\/div><\/div>\n<\/div><\/div>\n<\/div>\n\n\n\n<div class=\"wp-block-uagb-container uagb-block-5c471f1d\">\n<div class=\"wp-block-uagb-info-box uagb-block-95ebe76b uagb-infobox__content-wrap  uagb-infobox-icon-above-title uagb-infobox-image-valign-top\"><div class=\"uagb-ifb-content\"><div class=\"uagb-ifb-icon-wrap\"><svg xmlns=\"https:\/\/www.w3.org\/2000\/svg\" viewbox=\"0 0 640 512\"><path d=\"M184 88C184 118.9 158.9 144 128 144C97.07 144 72 118.9 72 88C72 57.07 97.07 32 128 32C158.9 32 184 57.07 184 88zM208.4 196.3C178.7 222.7 160 261.2 160 304C160 338.3 171.1 369.8 192 394.5V416C192 433.7 177.7 448 160 448H96C78.33 448 64 433.7 64 416V389.2C26.16 371.2 0 332.7 0 288C0 226.1 50.14 176 112 176H144C167.1 176 190.2 183.5 208.4 196.3V196.3zM64 245.7C54.04 256.9 48 271.8 48 288C48 304.2 54.04 319.1 64 330.3V245.7zM448 416V394.5C468 369.8 480 338.3 480 304C480 261.2 461.3 222.7 431.6 196.3C449.8 183.5 472 176 496 176H528C589.9 176 640 226.1 640 288C640 332.7 613.8 371.2 576 389.2V416C576 433.7 561.7 448 544 448H480C462.3 448 448 433.7 448 416zM576 330.3C585.1 319.1 592 304.2 592 288C592 271.8 585.1 256.9 576 245.7V330.3zM568 88C568 118.9 542.9 144 512 144C481.1 144 456 118.9 456 88C456 57.07 481.1 32 512 32C542.9 32 568 57.07 568 88zM256 96C256 60.65 284.7 32 320 32C355.3 32 384 60.65 384 96C384 131.3 355.3 160 320 160C284.7 160 256 131.3 256 96zM448 304C448 348.7 421.8 387.2 384 405.2V448C384 465.7 369.7 480 352 480H288C270.3 480 256 465.7 256 448V405.2C218.2 387.2 192 348.7 192 304C192 242.1 242.1 192 304 192H336C397.9 192 448 242.1 448 304zM256 346.3V261.7C246 272.9 240 287.8 240 304C240 320.2 246 335.1 256 346.3zM384 261.7V346.3C393.1 335 400 320.2 400 304C400 287.8 393.1 272.9 384 261.7z\"><\/path><\/svg><\/div><div class=\"uagb-ifb-title-wrap\"><h3 class=\"uagb-ifb-title\">Consejo Directivo<\/h3><\/div><div class=\"uagb-ifb-separator\"><\/div><\/div><\/div>\n\n\n\n<div class=\"wp-block-uagb-buttons uagb-buttons__outer-wrap uagb-btn__default-btn uagb-btn-tablet__default-btn uagb-btn-mobile__default-btn uagb-block-16842b15\"><div class=\"uagb-buttons__wrap uagb-buttons-layout-wrap\">\n<div class=\"wp-block-uagb-buttons-child uagb-buttons__outer-wrap uagb-block-4962634a wp-block-button\"><div class=\"uagb-button__wrapper\"><a class=\"uagb-buttons-repeater wp-block-button__link\" aria-label=\"\" href=\"https:\/\/transparenciasostenida.org\/en\/consejo-directivo\/\" rel=\"follow noopener\" target=\"_self\"><div class=\"uagb-button__link\">Leer m\u00e1s<\/div><span class=\"uagb-button__icon uagb-button__icon-position-after\"><svg xmlns=\"https:\/\/www.w3.org\/2000\/svg\" viewbox=\"0 0 448 512\" aria-hidden=\"true\" focussable=\"false\"><path d=\"M438.6 278.6l-160 160C272.4 444.9 264.2 448 256 448s-16.38-3.125-22.62-9.375c-12.5-12.5-12.5-32.75 0-45.25L338.8 288H32C14.33 288 .0016 273.7 .0016 256S14.33 224 32 224h306.8l-105.4-105.4c-12.5-12.5-12.5-32.75 0-45.25s32.75-12.5 45.25 0l160 160C451.1 245.9 451.1 266.1 438.6 278.6z\"><\/path><\/svg><\/span><\/a><\/div><\/div>\n<\/div><\/div>\n<\/div>\n<\/div><\/div>\n\n\n\n<div class=\"wp-block-uagb-container uagb-block-3d8e3637 alignfull uagb-is-root-container\"><div class=\"uagb-container-inner-blocks-wrap\">\n<div class=\"wp-block-uagb-container uagb-block-ba5fe00f\">\n<div class=\"wp-block-uagb-info-box uagb-block-d8dffac1 uagb-infobox__content-wrap  uagb-infobox-icon-above-title uagb-infobox-image-valign-top\"><div class=\"uagb-ifb-content\"><div class=\"uagb-ifb-icon-wrap\"><svg xmlns=\"https:\/\/www.w3.org\/2000\/svg\" viewbox=\"0 0 448 512\"><path d=\"M448 336v-288C448 21.49 426.5 0 400 0H96C42.98 0 0 42.98 0 96v320c0 53.02 42.98 96 96 96h320c17.67 0 32-14.33 32-31.1c0-11.72-6.607-21.52-16-27.1v-81.36C441.8 362.8 448 350.2 448 336zM143.1 128h192C344.8 128 352 135.2 352 144C352 152.8 344.8 160 336 160H143.1C135.2 160 128 152.8 128 144C128 135.2 135.2 128 143.1 128zM143.1 192h192C344.8 192 352 199.2 352 208C352 216.8 344.8 224 336 224H143.1C135.2 224 128 216.8 128 208C128 199.2 135.2 192 143.1 192zM384 448H96c-17.67 0-32-14.33-32-32c0-17.67 14.33-32 32-32h288V448z\"><\/path><\/svg><\/div><div class=\"uagb-ifb-title-wrap\"><h3 class=\"uagb-ifb-title\">C\u00f3digo de \u00e9tica<\/h3><\/div><div class=\"uagb-ifb-separator\"><\/div><\/div><\/div>\n\n\n\n<div class=\"wp-block-uagb-buttons uagb-buttons__outer-wrap uagb-btn__default-btn uagb-btn-tablet__default-btn uagb-btn-mobile__default-btn uagb-block-69fb7e3f\"><div class=\"uagb-buttons__wrap uagb-buttons-layout-wrap\">\n<div class=\"wp-block-uagb-buttons-child uagb-buttons__outer-wrap uagb-block-7268394f wp-block-button\"><div class=\"uagb-button__wrapper\"><a class=\"uagb-buttons-repeater wp-block-button__link\" aria-label=\"\" href=\"https:\/\/transparenciasostenida.org\/en\/codigo-de-etica\/\" rel=\"follow noopener\" target=\"_self\"><div class=\"uagb-button__link\">Leer m\u00e1s<\/div><span class=\"uagb-button__icon uagb-button__icon-position-after\"><svg xmlns=\"https:\/\/www.w3.org\/2000\/svg\" viewbox=\"0 0 448 512\" aria-hidden=\"true\" focussable=\"false\"><path d=\"M438.6 278.6l-160 160C272.4 444.9 264.2 448 256 448s-16.38-3.125-22.62-9.375c-12.5-12.5-12.5-32.75 0-45.25L338.8 288H32C14.33 288 .0016 273.7 .0016 256S14.33 224 32 224h306.8l-105.4-105.4c-12.5-12.5-12.5-32.75 0-45.25s32.75-12.5 45.25 0l160 160C451.1 245.9 451.1 266.1 438.6 278.6z\"><\/path><\/svg><\/span><\/a><\/div><\/div>\n<\/div><\/div>\n<\/div>\n\n\n\n<div class=\"wp-block-uagb-container uagb-block-e13129e4\">\n<div class=\"wp-block-uagb-info-box uagb-block-ef7edb69 uagb-infobox__content-wrap  uagb-infobox-icon-above-title uagb-infobox-image-valign-top\"><div class=\"uagb-ifb-content\"><div class=\"uagb-ifb-icon-wrap\"><svg xmlns=\"https:\/\/www.w3.org\/2000\/svg\" viewbox=\"0 0 640 512\"><path d=\"M592 0h-384C181.5 0 160 22.25 160 49.63V96c23.42 0 45.1 6.781 63.1 17.81V64h352v288h-64V304c0-8.838-7.164-16-16-16h-96c-8.836 0-16 7.162-16 16V352H287.3c22.07 16.48 39.54 38.5 50.76 64h253.9C618.5 416 640 393.8 640 366.4V49.63C640 22.25 618.5 0 592 0zM160 320c53.02 0 96-42.98 96-96c0-53.02-42.98-96-96-96C106.1 128 64 170.1 64 224C64 277 106.1 320 160 320zM192 352H128c-70.69 0-128 57.31-128 128c0 17.67 14.33 32 32 32h256c17.67 0 32-14.33 32-32C320 409.3 262.7 352 192 352z\"><\/path><\/svg><\/div><div class=\"uagb-ifb-title-wrap\"><h3 class=\"uagb-ifb-title\">\u00bfC\u00f3mo trabajamos?<\/h3><\/div><div class=\"uagb-ifb-separator\"><\/div><\/div><\/div>\n\n\n\n<div class=\"wp-block-uagb-buttons uagb-buttons__outer-wrap uagb-btn__default-btn uagb-btn-tablet__default-btn uagb-btn-mobile__default-btn uagb-block-38e48637\"><div class=\"uagb-buttons__wrap uagb-buttons-layout-wrap\">\n<div class=\"wp-block-uagb-buttons-child uagb-buttons__outer-wrap uagb-block-ccc75c99 wp-block-button\"><div class=\"uagb-button__wrapper\"><a class=\"uagb-buttons-repeater wp-block-button__link\" aria-label=\"\" href=\"https:\/\/transparenciasostenida.org\/en\/como-trabajamos\/\" rel=\"follow noopener\" target=\"_self\"><div class=\"uagb-button__link\">Leer m\u00e1s<\/div><span class=\"uagb-button__icon uagb-button__icon-position-after\"><svg xmlns=\"https:\/\/www.w3.org\/2000\/svg\" viewbox=\"0 0 448 512\" aria-hidden=\"true\" focussable=\"false\"><path d=\"M438.6 278.6l-160 160C272.4 444.9 264.2 448 256 448s-16.38-3.125-22.62-9.375c-12.5-12.5-12.5-32.75 0-45.25L338.8 288H32C14.33 288 .0016 273.7 .0016 256S14.33 224 32 224h306.8l-105.4-105.4c-12.5-12.5-12.5-32.75 0-45.25s32.75-12.5 45.25 0l160 160C451.1 245.9 451.1 266.1 438.6 278.6z\"><\/path><\/svg><\/span><\/a><\/div><\/div>\n<\/div><\/div>\n<\/div>\n<\/div><\/div>","protected":false},"excerpt":{"rendered":"<p>Acerca de Nosotros<\/p>","protected":false},"author":1,"featured_media":0,"parent":0,"menu_order":0,"comment_status":"closed","ping_status":"closed","template":"","meta":{"_uag_custom_page_level_css":"","site-sidebar-layout":"no-sidebar","site-content-layout":"plain-container","ast-site-content-layout":"normal-width-container","site-content-style":"unboxed","site-sidebar-style":"unboxed","ast-global-header-display":"","ast-banner-title-visibility":"","ast-main-header-display":"","ast-hfb-above-header-display":"","ast-hfb-below-header-display":"","ast-hfb-mobile-header-display":"","site-post-title":"disabled","ast-breadcrumbs-content":"","ast-featured-img":"","footer-sml-layout":"","theme-transparent-header-meta":"enabled","adv-header-id-meta":"","stick-header-meta":"","header-above-stick-meta":"","header-main-stick-meta":"","header-below-stick-meta":"","astra-migrate-meta-layouts":"set","ast-page-background-enabled":"default","ast-page-background-meta":{"desktop":{"background-color":"var(--ast-global-color-4)","background-image":"","background-repeat":"repeat","background-position":"center center","background-size":"auto","background-attachment":"scroll","background-type":"","background-media":"","overlay-type":"","overlay-color":"","overlay-opacity":"","overlay-gradient":""},"tablet":{"background-color":"","background-image":"","background-repeat":"repeat","background-position":"center center","background-size":"auto","background-attachment":"scroll","background-type":"","background-media":"","overlay-type":"","overlay-color":"","overlay-opacity":"","overlay-gradient":""},"mobile":{"background-color":"","background-image":"","background-repeat":"repeat","background-position":"center center","background-size":"auto","background-attachment":"scroll","background-type":"","background-media":"","overlay-type":"","overlay-color":"","overlay-opacity":"","overlay-gradient":""}},"ast-content-background-meta":{"desktop":{"background-color":"var(--ast-global-color-5)","background-image":"","background-repeat":"repeat","background-position":"center center","background-size":"auto","background-attachment":"scroll","background-type":"","background-media":"","overlay-type":"","overlay-color":"","overlay-opacity":"","overlay-gradient":""},"tablet":{"background-color":"var(--ast-global-color-5)","background-image":"","background-repeat":"repeat","background-position":"center center","background-size":"auto","background-attachment":"scroll","background-type":"","background-media":"","overlay-type":"","overlay-color":"","overlay-opacity":"","overlay-gradient":""},"mobile":{"background-color":"var(--ast-global-color-5)","background-image":"","background-repeat":"repeat","background-position":"center center","background-size":"auto","background-attachment":"scroll","background-type":"","background-media":"","overlay-type":"","overlay-color":"","overlay-opacity":"","overlay-gradient":""}},"footnotes":""},"uagb_featured_image_src":{"full":false,"thumbnail":false,"medium":false,"medium_large":false,"large":false,"1536x1536":false,"2048x2048":false,"trp-custom-language-flag":false},"uagb_author_info":{"display_name":"transparenciasostenida.org","author_link":"https:\/\/transparenciasostenida.org\/en\/author\/navajowhite-jellyfish-329786-hostingersite-com\/"},"uagb_comment_info":0,"uagb_excerpt":"Acerca de Nosotros","_links":{"self":[{"href":"https:\/\/transparenciasostenida.org\/en\/wp-json\/wp\/v2\/pages\/11"}],"collection":[{"href":"https:\/\/transparenciasostenida.org\/en\/wp-json\/wp\/v2\/pages"}],"about":[{"href":"https:\/\/transparenciasostenida.org\/en\/wp-json\/wp\/v2\/types\/page"}],"author":[{"embeddable":true,"href":"https:\/\/transparenciasostenida.org\/en\/wp-json\/wp\/v2\/users\/1"}],"replies":[{"embeddable":true,"href":"https:\/\/transparenciasostenida.org\/en\/wp-json\/wp\/v2\/comments?post=11"}],"version-history":[{"count":83,"href":"https:\/\/transparenciasostenida.org\/en\/wp-json\/wp\/v2\/pages\/11\/revisions"}],"predecessor-version":[{"id":1280,"href":"https:\/\/transparenciasostenida.org\/en\/wp-json\/wp\/v2\/pages\/11\/revisions\/1280"}],"wp:attachment":[{"href":"https:\/\/transparenciasostenida.org\/en\/wp-json\/wp\/v2\/media?parent=11"}],"curies":[{"name":"wp","href":"https:\/\/api.w.org\/{rel}","templated":true}]}}